{"id":623,"date":"2025-02-18T22:03:03","date_gmt":"2025-02-18T21:03:03","guid":{"rendered":"https:\/\/inscription-universite-ete.isrp.fr\/mentions-legales\/"},"modified":"2025-02-20T23:18:43","modified_gmt":"2025-02-20T22:18:43","slug":"avisos-legais","status":"publish","type":"page","link":"https:\/\/inscription-universite-ete.isrp.fr\/pt-pt\/avisos-legais\/","title":{"rendered":"Avisos legais"},"content":{"rendered":"\n<p><strong>Propriet\u00e1rio e editor do site<\/strong><\/p>\n\n\n\n<p>ISRP Forma\u00e7\u00e3o Cont\u00ednua \u2013 ISRP (Instituto Superior de Reeduca\u00e7\u00e3o Psicomotora), a escola de Psicomotricidade em Paris, Marselha, Vichy e Metz.<\/p>\n\n\n\n<p>SIRET: 784 710 352 00088<br>Atividade: Ensino superior 8542Z<br>N\u00ba de IVA intracomunit\u00e1rio: FR44 784 710 352<br>Sede: 25 Rue Ginoux, 75015 PARIS<br>Tel: +33 (0)1 58 17 18 50<br>E-mail: <a>webmaster@isrp.fr<\/a><\/p>\n\n\n\n<p><strong>Diretor da publica\u00e7\u00e3o:<\/strong> Franck Lemonnier<\/p>\n\n\n\n<h3 class=\"wp-block-heading\"><strong>Cria\u00e7\u00e3o e hospedagem<\/strong><\/h3>\n\n\n\n<p><strong>Cria\u00e7\u00e3o e desenvolvimento<\/strong><\/p>\n\n\n\n<p>O desenvolvimento do site \u00e9 realizado internamente (<a>webmaster@isrp.fr<\/a>)<\/p>\n\n\n\n<p><strong>Hospedagem<\/strong><\/p>\n\n\n\n<p>Aqua Ray SAS<br>SIREN: RCS Cr\u00e9teil 447 997 099<br>14 rue Jules Vanzuppe<br>94200 Ivry-sur-Seine<br>Tel: 01 84 04 04 05<\/p>\n\n\n\n<h3 class=\"wp-block-heading\"><strong>Pol\u00edtica de dados pessoais<\/strong><\/h3>\n\n\n\n<p>Para saber tudo sobre nossa pol\u00edtica de prote\u00e7\u00e3o de dados pessoais, clique aqui.<\/p>\n\n\n\n<h3 class=\"wp-block-heading\"><strong>Direitos autorais<\/strong><\/h3>\n\n\n\n<p>Todo o site <a href=\"https:\/\/inscription-universite-ete.isrp.fr\/\">https:\/\/inscription-universite-ete.isrp.fr\/<\/a> est\u00e1 sujeito \u00e0 legisla\u00e7\u00e3o francesa e, como tal, \u00e9 protegido pelas disposi\u00e7\u00f5es do C\u00f3digo da Propriedade Intelectual, especialmente no que se refere \u00e0 propriedade liter\u00e1ria e art\u00edstica, aos direitos autorais e \u00e0 prote\u00e7\u00e3o de bases de dados. Esses direitos s\u00e3o de propriedade exclusiva da ISRP Forma\u00e7\u00e3o Cont\u00ednua.<\/p>\n\n\n\n<p>Lembramos que o C\u00f3digo da Propriedade Intelectual autoriza, de acordo com o artigo L.122-5, apenas c\u00f3pias ou reprodu\u00e7\u00f5es estritamente reservadas para uso privado e n\u00e3o destinadas a uso coletivo, bem como an\u00e1lises e cita\u00e7\u00f5es curtas para fins de exemplo e ilustra\u00e7\u00e3o.<\/p>\n\n\n\n<p>Da mesma forma, o artigo L.342-3 do C\u00f3digo da Propriedade Intelectual permite apenas a extra\u00e7\u00e3o ou reutiliza\u00e7\u00e3o de uma parte n\u00e3o substancial do conte\u00fado de uma base de dados disponibilizada ao p\u00fablico pelo seu titular. Assim, qualquer representa\u00e7\u00e3o ou reprodu\u00e7\u00e3o n\u00e3o autorizada do site <a href=\"https:\/\/inscription-universite-ete.isrp.fr\/\">https:\/\/inscription-universite-ete.isrp.fr\/<\/a> por qualquer meio \u00e9 estritamente proibida e sujeita a a\u00e7\u00f5es judiciais.<\/p>\n\n\n\n<p>O infrator est\u00e1 sujeito a san\u00e7\u00f5es civis e penais, incluindo as penas previstas nos artigos L.335-2 e L.343-1 do C\u00f3digo da Propriedade Intelectual.<\/p>\n\n\n\n<p>Qualquer uso dos nomes de marcas e logotipos deste site, incluindo, mas n\u00e3o se limitando a, ISRP Forma\u00e7\u00e3o Cont\u00ednua e nomes comerciais pertencentes aos parceiros da ISRP Forma\u00e7\u00e3o Cont\u00ednua, \u00e9 proibido sem a autoriza\u00e7\u00e3o dos titulares dos direitos.<\/p>\n\n\n\n<p>Todas as fotografias do site s\u00e3o protegidas por direitos autorais.<\/p>\n\n\n\n<p>Todos os direitos de reprodu\u00e7\u00e3o s\u00e3o reservados, inclusive para documentos para download e representa\u00e7\u00f5es iconogr\u00e1ficas e fotogr\u00e1ficas.<\/p>\n\n\n\n<h3 class=\"wp-block-heading\"><strong>Links de hipertexto<\/strong><\/h3>\n\n\n\n<p>A ISRP Forma\u00e7\u00e3o Cont\u00ednua pode oferecer no site links para sites de terceiros. Esses links s\u00e3o estabelecidos em acordo com os sites envolvidos, em um momento em que a ISRP Forma\u00e7\u00e3o Cont\u00ednua considerou apropriado faz\u00ea-lo, levando em considera\u00e7\u00e3o o conte\u00fado e os servi\u00e7os oferecidos por esses sites. A ISRP Forma\u00e7\u00e3o Cont\u00ednua n\u00e3o pode ser responsabilizada pelo conte\u00fado desses sites nem pelo uso que possa ser feito por seus usu\u00e1rios.<\/p>\n\n\n\n<p>A exist\u00eancia de um link do site para outro n\u00e3o constitui uma recomenda\u00e7\u00e3o nem uma valida\u00e7\u00e3o desse site ou de seu conte\u00fado. Cabe ao usu\u00e1rio utilizar essas informa\u00e7\u00f5es com discernimento e esp\u00edrito cr\u00edtico.<\/p>\n\n\n\n<p>Esses sites parceiros s\u00e3o independentes do site <a href=\"https:\/\/inscription-universite-ete.isrp.fr\/\">https:\/\/inscription-universite-ete.isrp.fr\/<\/a>. Os links para esses sites n\u00e3o implicam em qualquer aprova\u00e7\u00e3o, valida\u00e7\u00e3o ou associa\u00e7\u00e3o da ISRP Forma\u00e7\u00e3o Cont\u00ednua com o conte\u00fado desses sites, nem qualquer associa\u00e7\u00e3o com seus propriet\u00e1rios, autores, designers, administradores ou hospedadores.<\/p>\n\n\n\n<p>Portanto, a ISRP Forma\u00e7\u00e3o Cont\u00ednua n\u00e3o pode ser responsabilizada pelo conte\u00fado, produtos, servi\u00e7os, publicidade, cookies ou quaisquer outros elementos desses sites, nem por quaisquer danos ou perdas, reais ou supostas, resultantes ou relacionadas ao uso das informa\u00e7\u00f5es, opini\u00f5es, servi\u00e7os ou dados dispon\u00edveis nesses sites.<\/p>\n\n\n\n<h3 class=\"wp-block-heading\"><strong>Notifica\u00e7\u00e3o<\/strong><\/h3>\n\n\n\n<p>Caso encontre no site alguma informa\u00e7\u00e3o errada, ou cujo conte\u00fado possa ser considerado ofensivo \u00e0 dignidade humana, ou que viole direitos autorais ou marcas registradas, pedimos que nos informe escrevendo para este endere\u00e7o: <a>webmaster@isrp.fr<\/a>.<\/p>\n\n\n\n<h3 class=\"wp-block-heading\"><strong>Cria\u00e7\u00e3o de links para o nosso site<\/strong><\/h3>\n\n\n\n<p>A ISRP Forma\u00e7\u00e3o Cont\u00ednua autoriza a cria\u00e7\u00e3o de links de hipertexto para o conte\u00fado de seu site, desde que:<\/p>\n\n\n\n<ul class=\"wp-block-list\">\n<li>A cria\u00e7\u00e3o do link seja solicitada por correio postal ou e-mail ao departamento de comunica\u00e7\u00e3o da ISRP Forma\u00e7\u00e3o Cont\u00ednua;<\/li>\n\n\n\n<li>N\u00e3o seja utilizada a t\u00e9cnica de \u201cdeep linking\u201d (link profundo), ou seja, as p\u00e1ginas do site n\u00e3o devem ser incorporadas dentro das p\u00e1ginas de outro site, mas sim acess\u00edveis por meio da abertura de uma nova janela;<\/li>\n\n\n\n<li>A fonte seja mencionada, apontando diretamente para o conte\u00fado referenciado por meio de um link hipertexto.<\/li>\n<\/ul>\n\n\n\n<p>Essa autoriza\u00e7\u00e3o n\u00e3o se aplica a sites que divulguem informa\u00e7\u00f5es de car\u00e1ter pol\u00eamico, pornogr\u00e1fico, xen\u00f3fobo ou que, de maneira geral, possam ofender a sensibilidade do p\u00fablico.<\/p>\n\n\n\n<p>As informa\u00e7\u00f5es retiradas deste site devem ser utilizadas exclusivamente para fins pessoais. Qualquer uso para fins comerciais, publicit\u00e1rios ou de reputa\u00e7\u00e3o \u00e9 proibido e sujeito a a\u00e7\u00f5es judiciais. Para outros usos, entre em contato conosco.<\/p>\n","protected":false},"excerpt":{"rendered":"<p>Propriet\u00e1rio e editor do site ISRP Forma\u00e7\u00e3o Cont\u00ednua \u2013 ISRP (Instituto Superior de Reeduca\u00e7\u00e3o Psicomotora), a escola de Psicomotricidade em Paris, Marselha, Vichy e Metz. SIRET: 784 710 352 00088Atividade: Ensino superior 8542ZN\u00ba de IVA intracomunit\u00e1rio: FR44 784 710 352Sede: 25 Rue Ginoux, 75015 PARISTel: +33 (0)1 58 17 18 50E-mail: webmaster@isrp.fr Diretor da publica\u00e7\u00e3o: &#8230; <a title=\"Avisos legais\" class=\"read-more\" href=\"https:\/\/inscription-universite-ete.isrp.fr\/pt-pt\/avisos-legais\/\" aria-label=\"Leia mais sobre Avisos legais\">Ler mais<\/a><\/p>\n","protected":false},"author":1,"featured_media":0,"parent":0,"menu_order":0,"comment_status":"closed","ping_status":"closed","template":"","meta":{"_acf_changed":false,"footnotes":""},"class_list":["post-623","page","type-page","status-publish"],"acf":[],"yoast_head":"<!-- This site is optimized with the Yoast SEO plugin v26.1.1 - https:\/\/yoast.com\/wordpress\/plugins\/seo\/ -->\n<title>Avisos legais - Inscription universit\u00e9 \u00e9t\u00e9<\/title>\n<meta name=\"robots\" content=\"noindex, follow, max-snippet:-1, max-image-preview:large, max-video-preview:-1\" \/>\n<meta property=\"og:locale\" content=\"pt_PT\" \/>\n<meta property=\"og:type\" content=\"article\" \/>\n<meta property=\"og:title\" content=\"Avisos legais - Inscription universit\u00e9 \u00e9t\u00e9\" \/>\n<meta property=\"og:description\" content=\"Propriet\u00e1rio e editor do site ISRP Forma\u00e7\u00e3o Cont\u00ednua \u2013 ISRP (Instituto Superior de Reeduca\u00e7\u00e3o Psicomotora), a escola de Psicomotricidade em Paris, Marselha, Vichy e Metz. SIRET: 784 710 352 00088Atividade: Ensino superior 8542ZN\u00ba de IVA intracomunit\u00e1rio: FR44 784 710 352Sede: 25 Rue Ginoux, 75015 PARISTel: +33 (0)1 58 17 18 50E-mail: webmaster@isrp.fr Diretor da publica\u00e7\u00e3o: ... Ler mais\" \/>\n<meta property=\"og:url\" content=\"https:\/\/inscription-universite-ete.isrp.fr\/pt-pt\/avisos-legais\/\" \/>\n<meta property=\"og:site_name\" content=\"Inscription universit\u00e9 \u00e9t\u00e9\" \/>\n<meta property=\"article:modified_time\" content=\"2025-02-20T22:18:43+00:00\" \/>\n<meta name=\"twitter:card\" content=\"summary_large_image\" \/>\n<meta name=\"twitter:label1\" content=\"Tempo estimado de leitura\" \/>\n\t<meta name=\"twitter:data1\" content=\"4 minutos\" \/>\n<script type=\"application\/ld+json\" class=\"yoast-schema-graph\">{\"@context\":\"https:\/\/schema.org\",\"@graph\":[{\"@type\":\"WebPage\",\"@id\":\"https:\/\/inscription-universite-ete.isrp.fr\/pt-pt\/avisos-legais\/\",\"url\":\"https:\/\/inscription-universite-ete.isrp.fr\/pt-pt\/avisos-legais\/\",\"name\":\"Avisos legais - Inscription universit\u00e9 \u00e9t\u00e9\",\"isPartOf\":{\"@id\":\"https:\/\/inscription-universite-ete.isrp.fr\/#website\"},\"datePublished\":\"2025-02-18T21:03:03+00:00\",\"dateModified\":\"2025-02-20T22:18:43+00:00\",\"breadcrumb\":{\"@id\":\"https:\/\/inscription-universite-ete.isrp.fr\/pt-pt\/avisos-legais\/#breadcrumb\"},\"inLanguage\":\"pt-PT\",\"potentialAction\":[{\"@type\":\"ReadAction\",\"target\":[\"https:\/\/inscription-universite-ete.isrp.fr\/pt-pt\/avisos-legais\/\"]}]},{\"@type\":\"BreadcrumbList\",\"@id\":\"https:\/\/inscription-universite-ete.isrp.fr\/pt-pt\/avisos-legais\/#breadcrumb\",\"itemListElement\":[{\"@type\":\"ListItem\",\"position\":1,\"name\":\"Accueil\",\"item\":\"https:\/\/inscription-universite-ete.isrp.fr\/pt-pt\/\"},{\"@type\":\"ListItem\",\"position\":2,\"name\":\"Avisos legais\"}]},{\"@type\":\"WebSite\",\"@id\":\"https:\/\/inscription-universite-ete.isrp.fr\/#website\",\"url\":\"https:\/\/inscription-universite-ete.isrp.fr\/\",\"name\":\"Inscription universit\u00e9 \u00e9t\u00e9\",\"description\":\"\",\"publisher\":{\"@id\":\"https:\/\/inscription-universite-ete.isrp.fr\/#organization\"},\"potentialAction\":[{\"@type\":\"SearchAction\",\"target\":{\"@type\":\"EntryPoint\",\"urlTemplate\":\"https:\/\/inscription-universite-ete.isrp.fr\/?s={search_term_string}\"},\"query-input\":{\"@type\":\"PropertyValueSpecification\",\"valueRequired\":true,\"valueName\":\"search_term_string\"}}],\"inLanguage\":\"pt-PT\"},{\"@type\":\"Organization\",\"@id\":\"https:\/\/inscription-universite-ete.isrp.fr\/#organization\",\"name\":\"ISRP\",\"url\":\"https:\/\/inscription-universite-ete.isrp.fr\/\",\"logo\":{\"@type\":\"ImageObject\",\"inLanguage\":\"pt-PT\",\"@id\":\"https:\/\/inscription-universite-ete.isrp.fr\/#\/schema\/logo\/image\/\",\"url\":\"https:\/\/inscription-universite-ete.isrp.fr\/wp-content\/uploads\/2025\/01\/logo-dpc.png\",\"contentUrl\":\"https:\/\/inscription-universite-ete.isrp.fr\/wp-content\/uploads\/2025\/01\/logo-dpc.png\",\"width\":500,\"height\":248,\"caption\":\"ISRP\"},\"image\":{\"@id\":\"https:\/\/inscription-universite-ete.isrp.fr\/#\/schema\/logo\/image\/\"}}]}<\/script>\n<!-- \/ Yoast SEO plugin. -->","yoast_head_json":{"title":"Avisos legais - Inscription universit\u00e9 \u00e9t\u00e9","robots":{"index":"noindex","follow":"follow","max-snippet":"max-snippet:-1","max-image-preview":"max-image-preview:large","max-video-preview":"max-video-preview:-1"},"og_locale":"pt_PT","og_type":"article","og_title":"Avisos legais - Inscription universit\u00e9 \u00e9t\u00e9","og_description":"Propriet\u00e1rio e editor do site ISRP Forma\u00e7\u00e3o Cont\u00ednua \u2013 ISRP (Instituto Superior de Reeduca\u00e7\u00e3o Psicomotora), a escola de Psicomotricidade em Paris, Marselha, Vichy e Metz. SIRET: 784 710 352 00088Atividade: Ensino superior 8542ZN\u00ba de IVA intracomunit\u00e1rio: FR44 784 710 352Sede: 25 Rue Ginoux, 75015 PARISTel: +33 (0)1 58 17 18 50E-mail: webmaster@isrp.fr Diretor da publica\u00e7\u00e3o: ... Ler mais","og_url":"https:\/\/inscription-universite-ete.isrp.fr\/pt-pt\/avisos-legais\/","og_site_name":"Inscription universit\u00e9 \u00e9t\u00e9","article_modified_time":"2025-02-20T22:18:43+00:00","twitter_card":"summary_large_image","twitter_misc":{"Tempo estimado de leitura":"4 minutos"},"schema":{"@context":"https:\/\/schema.org","@graph":[{"@type":"WebPage","@id":"https:\/\/inscription-universite-ete.isrp.fr\/pt-pt\/avisos-legais\/","url":"https:\/\/inscription-universite-ete.isrp.fr\/pt-pt\/avisos-legais\/","name":"Avisos legais - Inscription universit\u00e9 \u00e9t\u00e9","isPartOf":{"@id":"https:\/\/inscription-universite-ete.isrp.fr\/#website"},"datePublished":"2025-02-18T21:03:03+00:00","dateModified":"2025-02-20T22:18:43+00:00","breadcrumb":{"@id":"https:\/\/inscription-universite-ete.isrp.fr\/pt-pt\/avisos-legais\/#breadcrumb"},"inLanguage":"pt-PT","potentialAction":[{"@type":"ReadAction","target":["https:\/\/inscription-universite-ete.isrp.fr\/pt-pt\/avisos-legais\/"]}]},{"@type":"BreadcrumbList","@id":"https:\/\/inscription-universite-ete.isrp.fr\/pt-pt\/avisos-legais\/#breadcrumb","itemListElement":[{"@type":"ListItem","position":1,"name":"Accueil","item":"https:\/\/inscription-universite-ete.isrp.fr\/pt-pt\/"},{"@type":"ListItem","position":2,"name":"Avisos legais"}]},{"@type":"WebSite","@id":"https:\/\/inscription-universite-ete.isrp.fr\/#website","url":"https:\/\/inscription-universite-ete.isrp.fr\/","name":"Inscription universit\u00e9 \u00e9t\u00e9","description":"","publisher":{"@id":"https:\/\/inscription-universite-ete.isrp.fr\/#organization"},"potentialAction":[{"@type":"SearchAction","target":{"@type":"EntryPoint","urlTemplate":"https:\/\/inscription-universite-ete.isrp.fr\/?s={search_term_string}"},"query-input":{"@type":"PropertyValueSpecification","valueRequired":true,"valueName":"search_term_string"}}],"inLanguage":"pt-PT"},{"@type":"Organization","@id":"https:\/\/inscription-universite-ete.isrp.fr\/#organization","name":"ISRP","url":"https:\/\/inscription-universite-ete.isrp.fr\/","logo":{"@type":"ImageObject","inLanguage":"pt-PT","@id":"https:\/\/inscription-universite-ete.isrp.fr\/#\/schema\/logo\/image\/","url":"https:\/\/inscription-universite-ete.isrp.fr\/wp-content\/uploads\/2025\/01\/logo-dpc.png","contentUrl":"https:\/\/inscription-universite-ete.isrp.fr\/wp-content\/uploads\/2025\/01\/logo-dpc.png","width":500,"height":248,"caption":"ISRP"},"image":{"@id":"https:\/\/inscription-universite-ete.isrp.fr\/#\/schema\/logo\/image\/"}}]}},"_links":{"self":[{"href":"https:\/\/inscription-universite-ete.isrp.fr\/pt-pt\/wp-json\/wp\/v2\/pages\/623","targetHints":{"allow":["GET"]}}],"collection":[{"href":"https:\/\/inscription-universite-ete.isrp.fr\/pt-pt\/wp-json\/wp\/v2\/pages"}],"about":[{"href":"https:\/\/inscription-universite-ete.isrp.fr\/pt-pt\/wp-json\/wp\/v2\/types\/page"}],"author":[{"embeddable":true,"href":"https:\/\/inscription-universite-ete.isrp.fr\/pt-pt\/wp-json\/wp\/v2\/users\/1"}],"replies":[{"embeddable":true,"href":"https:\/\/inscription-universite-ete.isrp.fr\/pt-pt\/wp-json\/wp\/v2\/comments?post=623"}],"version-history":[{"count":1,"href":"https:\/\/inscription-universite-ete.isrp.fr\/pt-pt\/wp-json\/wp\/v2\/pages\/623\/revisions"}],"predecessor-version":[{"id":628,"href":"https:\/\/inscription-universite-ete.isrp.fr\/pt-pt\/wp-json\/wp\/v2\/pages\/623\/revisions\/628"}],"wp:attachment":[{"href":"https:\/\/inscription-universite-ete.isrp.fr\/pt-pt\/wp-json\/wp\/v2\/media?parent=623"}],"curies":[{"name":"wp","href":"https:\/\/api.w.org\/{rel}","templated":true}]}}