{"id":613,"date":"2025-02-20T14:52:06","date_gmt":"2025-02-20T13:52:06","guid":{"rendered":"https:\/\/inscription-universite-ete.isrp.fr\/?page_id=613"},"modified":"2025-02-21T16:59:37","modified_gmt":"2025-02-21T15:59:37","slug":"protecao-de-dados-pessoais","status":"publish","type":"page","link":"https:\/\/inscription-universite-ete.isrp.fr\/pt-pt\/protecao-de-dados-pessoais\/","title":{"rendered":"Prote\u00e7\u00e3o de dados pessoais"},"content":{"rendered":"\n<ol start=\"1\" class=\"wp-block-list\">\n<li>Identidade e dados de contato do respons\u00e1vel pelo tratamento<\/li>\n<\/ol>\n\n\n\n<p>O site <a>https:\/\/inscription-universite-ete.isrp.fr<\/a> (doravante o &#8220;Site&#8221;) \u00e9 administrado pelo ISRP, cuja sede est\u00e1 localizada na 25 rue Ginoux, 75015 Paris, registrado no RCS de Paris sob o n\u00famero 504 458 266.<\/p>\n\n\n\n<p>O ISRP trata, como respons\u00e1vel pelo tratamento, os dados pessoais que lhe dizem respeito e que s\u00e3o coletados por meio deste Site (doravante os &#8220;Dados&#8221;).<\/p>\n\n\n\n<p>Para qualquer d\u00favida relacionada \u00e0 coleta e ao tratamento de seus Dados realizado pelo ISRP, voc\u00ea pode entrar em contato com nosso encarregado de prote\u00e7\u00e3o de dados (DPO) por e-mail no seguinte endere\u00e7o: <a>webmaster@isrp.fr<\/a>.<\/p>\n\n\n\n<ol start=\"2\" class=\"wp-block-list\">\n<li>Informa\u00e7\u00e3o sobre o tratamento de seus Dados<\/li>\n<\/ol>\n\n\n\n<p>2.1. Dados coletados<\/p>\n\n\n\n<p>Os dados pessoais que coletamos e tratamos sobre voc\u00ea por meio do nosso site s\u00e3o:<\/p>\n\n\n\n<ul class=\"wp-block-list\">\n<li>Informa\u00e7\u00f5es relativas ao seu dispositivo, como endere\u00e7o IP, ID de cookies, as p\u00e1ginas do site visitadas pelo seu dispositivo e o hor\u00e1rio de acesso ao nosso site;<\/li>\n\n\n\n<li>Todos os dados que voc\u00ea optar por nos enviar ou fornecer, por exemplo, por meio do nosso formul\u00e1rio de contato.<\/li>\n<\/ul>\n\n\n\n<p>2.2. Finalidade<\/p>\n\n\n\n<p>Os dados pessoais que coletamos e tratamos sobre voc\u00ea por meio do nosso site nos permitem:<\/p>\n\n\n\n<ul class=\"wp-block-list\">\n<li>Processar os seus dados para aquisi\u00e7\u00e3o de forma\u00e7\u00e3o e servi\u00e7os online, de forma a gerir a sua encomenda, pagamento e acesso \u00e0 Universidade de Ver\u00e3o;<\/li>\n\n\n\n<li>Responder aos seus pedidos de informa\u00e7\u00e3o atrav\u00e9s do formul\u00e1rio dispon\u00edvel no nosso site;<\/li>\n\n\n\n<li>Com o seu consentimento, envie, de acordo com as suas prefer\u00eancias, comunica\u00e7\u00f5es por e-mail e\/ou SMS relativas \u00e0s nossas ofertas e novidades adaptadas ao seu perfil. Voc\u00ea pode retirar seu consentimento a qualquer momento seguindo as instru\u00e7\u00f5es de cancelamento fornecidas em nossas comunica\u00e7\u00f5es.<\/li>\n\n\n\n<li>Melhorar nosso site e apresentar um conte\u00fado eficiente para voc\u00ea e seu computador;<\/li>\n\n\n\n<li>Garantir o bom funcionamento e a seguran\u00e7a do site.<\/li>\n<\/ul>\n\n\n\n<p>2.3. Base legal<\/p>\n\n\n\n<p>O tratamento de seus Dados para responder \u00e0s suas solicita\u00e7\u00f5es de informa\u00e7\u00f5es \u00e9 realizado com base no seu consentimento.<\/p>\n\n\n\n<p>O tratamento de seus Dados para comunica\u00e7\u00e3o por e-mail sobre nossas ofertas e novidades adaptadas ao seu perfil tamb\u00e9m \u00e9 realizado com base no seu consentimento.<\/p>\n\n\n\n<p>Voc\u00ea pode retirar esse consentimento a qualquer momento (ver se\u00e7\u00e3o &#8220;Seus direitos&#8221;).<\/p>\n\n\n\n<p>O tratamento realizado para fins de funcionamento e seguran\u00e7a do Site \u00e9 baseado no nosso interesse leg\u00edtimo em garantir a seguran\u00e7a das plataformas que administramos.<\/p>\n\n\n\n<p>2.4. Voc\u00ea \u00e9 obrigado a fornecer seus Dados?<\/p>\n\n\n\n<p>Os Dados essenciais para o ISRP atingir os objetivos descritos acima s\u00e3o indicados com um asterisco nos formul\u00e1rios. Se voc\u00ea n\u00e3o preencher esses campos obrigat\u00f3rios, n\u00e3o poderemos fornecer os servi\u00e7os solicitados.<\/p>\n\n\n\n<p>Os Dados n\u00e3o marcados com um asterisco s\u00e3o opcionais: eles nos permitem conhec\u00ea-lo melhor e melhorar os servi\u00e7os que oferecemos.<\/p>\n\n\n\n<p>2.5. Prazos de conserva\u00e7\u00e3o<\/p>\n\n\n\n<p>Mantemos seus Dados:<\/p>\n\n\n\n<ul class=\"wp-block-list\">\n<li>Por 3 anos a partir do \u00faltimo contato que tivemos com voc\u00ea (por exemplo, solicita\u00e7\u00e3o de informa\u00e7\u00e3o da sua parte ou envio de comunica\u00e7\u00f5es) se voc\u00ea n\u00e3o for cliente;<\/li>\n\n\n\n<li>De acordo com os termos do contrato, se voc\u00ea for cliente, e pelo menos por 3 anos ap\u00f3s o fim de nossa rela\u00e7\u00e3o comercial.<\/li>\n<\/ul>\n\n\n\n<p>Ao final dos prazos indicados acima, excluiremos seus Dados. Antes do vencimento desses prazos, poderemos entrar em contato com voc\u00ea para saber se aceita um per\u00edodo de conserva\u00e7\u00e3o mais longo dos seus Dados, caso em que os prazos mencionados acima recome\u00e7ar\u00e3o a contar.<\/p>\n\n\n\n<ol start=\"3\" class=\"wp-block-list\">\n<li>Destinat\u00e1rios dos Dados<\/li>\n<\/ol>\n\n\n\n<p>No contexto da presta\u00e7\u00e3o de nossos servi\u00e7os, podemos transmitir ou dar acesso aos seus Dados aos seguintes servi\u00e7os e subcontratados:<\/p>\n\n\n\n<ul class=\"wp-block-list\">\n<li>O servi\u00e7o de comunica\u00e7\u00e3o e marketing do ISRP, para a gest\u00e3o do Site;<\/li>\n\n\n\n<li>Nosso subcontratado respons\u00e1vel pela gest\u00e3o do Site e pela an\u00e1lise de tr\u00e1fego do Site;<\/li>\n\n\n\n<li>Nosso subcontratado respons\u00e1vel pela manuten\u00e7\u00e3o evolutiva e t\u00e9cnica do Site;<\/li>\n\n\n\n<li>Nosso subcontratado respons\u00e1vel pela hospedagem do Site.<\/li>\n<\/ul>\n\n\n\n<p>O ISRP pode ser obrigado a divulgar seus Dados a terceiros nos casos em que tal divulga\u00e7\u00e3o seja autorizada e exigida por lei ou decis\u00e3o judicial, ou se for necess\u00e1ria para garantir a prote\u00e7\u00e3o e defesa de seus direitos.<\/p>\n\n\n\n<p>Fora desses casos, seus Dados n\u00e3o ser\u00e3o cedidos ou tornados acess\u00edveis a terceiros sem seu consentimento pr\u00e9vio.<\/p>\n\n\n\n<p>Se o ISRP transferir seus Dados para um pa\u00eds fora da Uni\u00e3o Europeia, especialmente para um Estado sem decis\u00e3o de adequa\u00e7\u00e3o da Comiss\u00e3o Europeia, essa transfer\u00eancia ser\u00e1 realizada com garantias apropriadas, principalmente contratuais, em conformidade com a regulamenta\u00e7\u00e3o aplic\u00e1vel \u00e0 prote\u00e7\u00e3o de dados pessoais.<\/p>\n\n\n\n<p>Voc\u00ea pode obter uma c\u00f3pia das garantias apropriadas escrevendo para: <a>webmaster@isrp.fr<\/a>.<\/p>\n\n\n\n<ol start=\"4\" class=\"wp-block-list\">\n<li>Seus direitos<\/li>\n<\/ol>\n\n\n\n<p>Voc\u00ea tem o direito de acessar seus Dados, solicitar sua retifica\u00e7\u00e3o, exclus\u00e3o ou portabilidade, bem como o direito de solicitar a limita\u00e7\u00e3o do tratamento de seus Dados, retirar seu consentimento e definir diretrizes sobre o destino de seus Dados ap\u00f3s sua morte.<\/p>\n\n\n\n<p>Voc\u00ea tamb\u00e9m pode se opor, a qualquer momento:<\/p>\n\n\n\n<ul class=\"wp-block-list\">\n<li>Ao tratamento para fins de prospec\u00e7\u00e3o realizado pelo ISRP;<\/li>\n\n\n\n<li>Por raz\u00f5es relacionadas \u00e0 sua situa\u00e7\u00e3o particular, ao tratamento baseado no interesse leg\u00edtimo do ISRP.<\/li>\n<\/ul>\n\n\n\n<p>Esses direitos podem ser exercidos a qualquer momento enviando um e-mail para: <a>webmaster@isrp.fr<\/a>.<\/p>\n\n\n\n<p>Al\u00e9m disso, voc\u00ea tem o direito de apresentar uma reclama\u00e7\u00e3o a uma autoridade de controle: A autoridade de controle francesa \u00e9 a Commission nationale de l\u2019Informatique et des Libert\u00e9s (CNIL), 3 Place de Fontenoy \u2013 TSA 80715 \u2013 75334 PARIS CEDEX 07.<\/p>\n\n\n\n<ol start=\"5\" class=\"wp-block-list\">\n<li>Cookies<\/li>\n<\/ol>\n\n\n\n<p>A navega\u00e7\u00e3o neste Site resulta no armazenamento de cookies. Os cookies s\u00e3o pequenos arquivos de texto armazenados em seu dispositivo, contendo determinados Dados sobre sua navega\u00e7\u00e3o (ex.: data, hora e n\u00famero de visitas, origem da chegada, prefer\u00eancias).<\/p>\n\n\n\n<p>5.1. Tipos de cookies<\/p>\n\n\n\n<p>Cookies internos e cookies de terceiros: Um cookie de terceiros \u00e9 colocado em seu dispositivo por um servidor de um dom\u00ednio diferente do do Site. Esses terceiros instalam cookies quando voc\u00ea acessa suas p\u00e1ginas ou visita nosso Site. Esses cookies permitem rastrear comportamentos em uma rede de sites, analisando o hist\u00f3rico de visitas para fins de segmenta\u00e7\u00e3o.<\/p>\n\n\n\n<p>Cookies permanentes e cookies de sess\u00e3o: Os cookies permanentes s\u00e3o armazenados em seu dispositivo at\u00e9 sua data de expira\u00e7\u00e3o ou at\u00e9 que voc\u00ea os exclua. Os cookies de sess\u00e3o s\u00e3o exclu\u00eddos automaticamente ao fechar o navegador.<\/p>\n\n\n\n<p>A aceita\u00e7\u00e3o dos cookies requer seu consentimento, exceto para cookies estritamente necess\u00e1rios. Voc\u00ea pode configur\u00e1-los a qualquer momento clicando no seguinte link: Configurar cookies.<\/p>\n\n\n\n<p>Se precisar de mais informa\u00e7\u00f5es, entre em contato conosco!<\/p>\n","protected":false},"excerpt":{"rendered":"<p>O site https:\/\/inscription-universite-ete.isrp.fr (doravante o &#8220;Site&#8221;) \u00e9 administrado pelo ISRP, cuja sede est\u00e1 localizada na 25 rue Ginoux, 75015 Paris, registrado no RCS de Paris sob o n\u00famero 504 458 266. O ISRP trata, como respons\u00e1vel pelo tratamento, os dados pessoais que lhe dizem respeito e que s\u00e3o coletados por meio deste Site (doravante os &#8230; <a title=\"Prote\u00e7\u00e3o de dados pessoais\" class=\"read-more\" href=\"https:\/\/inscription-universite-ete.isrp.fr\/pt-pt\/protecao-de-dados-pessoais\/\" aria-label=\"Leia mais sobre Prote\u00e7\u00e3o de dados pessoais\">Ler mais<\/a><\/p>\n","protected":false},"author":1,"featured_media":0,"parent":0,"menu_order":0,"comment_status":"closed","ping_status":"closed","template":"","meta":{"_acf_changed":false,"footnotes":""},"class_list":["post-613","page","type-page","status-publish"],"acf":[],"yoast_head":"<!-- This site is optimized with the Yoast SEO plugin v26.1.1 - https:\/\/yoast.com\/wordpress\/plugins\/seo\/ -->\n<title>Prote\u00e7\u00e3o de dados pessoais - Inscription universit\u00e9 \u00e9t\u00e9<\/title>\n<meta name=\"robots\" content=\"noindex, follow, max-snippet:-1, max-image-preview:large, max-video-preview:-1\" \/>\n<meta property=\"og:locale\" content=\"pt_PT\" \/>\n<meta property=\"og:type\" content=\"article\" \/>\n<meta property=\"og:title\" content=\"Prote\u00e7\u00e3o de dados pessoais - Inscription universit\u00e9 \u00e9t\u00e9\" \/>\n<meta property=\"og:description\" content=\"O site https:\/\/inscription-universite-ete.isrp.fr (doravante o &#8220;Site&#8221;) \u00e9 administrado pelo ISRP, cuja sede est\u00e1 localizada na 25 rue Ginoux, 75015 Paris, registrado no RCS de Paris sob o n\u00famero 504 458 266. O ISRP trata, como respons\u00e1vel pelo tratamento, os dados pessoais que lhe dizem respeito e que s\u00e3o coletados por meio deste Site (doravante os ... Ler mais\" \/>\n<meta property=\"og:url\" content=\"https:\/\/inscription-universite-ete.isrp.fr\/pt-pt\/protecao-de-dados-pessoais\/\" \/>\n<meta property=\"og:site_name\" content=\"Inscription universit\u00e9 \u00e9t\u00e9\" \/>\n<meta property=\"article:modified_time\" content=\"2025-02-21T15:59:37+00:00\" \/>\n<meta name=\"twitter:card\" content=\"summary_large_image\" \/>\n<meta name=\"twitter:label1\" content=\"Tempo estimado de leitura\" \/>\n\t<meta name=\"twitter:data1\" content=\"6 minutos\" \/>\n<script type=\"application\/ld+json\" class=\"yoast-schema-graph\">{\"@context\":\"https:\/\/schema.org\",\"@graph\":[{\"@type\":\"WebPage\",\"@id\":\"https:\/\/inscription-universite-ete.isrp.fr\/pt-pt\/protecao-de-dados-pessoais\/\",\"url\":\"https:\/\/inscription-universite-ete.isrp.fr\/pt-pt\/protecao-de-dados-pessoais\/\",\"name\":\"Prote\u00e7\u00e3o de dados pessoais - Inscription universit\u00e9 \u00e9t\u00e9\",\"isPartOf\":{\"@id\":\"https:\/\/inscription-universite-ete.isrp.fr\/#website\"},\"datePublished\":\"2025-02-20T13:52:06+00:00\",\"dateModified\":\"2025-02-21T15:59:37+00:00\",\"breadcrumb\":{\"@id\":\"https:\/\/inscription-universite-ete.isrp.fr\/pt-pt\/protecao-de-dados-pessoais\/#breadcrumb\"},\"inLanguage\":\"pt-PT\",\"potentialAction\":[{\"@type\":\"ReadAction\",\"target\":[\"https:\/\/inscription-universite-ete.isrp.fr\/pt-pt\/protecao-de-dados-pessoais\/\"]}]},{\"@type\":\"BreadcrumbList\",\"@id\":\"https:\/\/inscription-universite-ete.isrp.fr\/pt-pt\/protecao-de-dados-pessoais\/#breadcrumb\",\"itemListElement\":[{\"@type\":\"ListItem\",\"position\":1,\"name\":\"Accueil\",\"item\":\"https:\/\/inscription-universite-ete.isrp.fr\/pt-pt\/\"},{\"@type\":\"ListItem\",\"position\":2,\"name\":\"Prote\u00e7\u00e3o de dados pessoais\"}]},{\"@type\":\"WebSite\",\"@id\":\"https:\/\/inscription-universite-ete.isrp.fr\/#website\",\"url\":\"https:\/\/inscription-universite-ete.isrp.fr\/\",\"name\":\"Inscription universit\u00e9 \u00e9t\u00e9\",\"description\":\"\",\"publisher\":{\"@id\":\"https:\/\/inscription-universite-ete.isrp.fr\/#organization\"},\"potentialAction\":[{\"@type\":\"SearchAction\",\"target\":{\"@type\":\"EntryPoint\",\"urlTemplate\":\"https:\/\/inscription-universite-ete.isrp.fr\/?s={search_term_string}\"},\"query-input\":{\"@type\":\"PropertyValueSpecification\",\"valueRequired\":true,\"valueName\":\"search_term_string\"}}],\"inLanguage\":\"pt-PT\"},{\"@type\":\"Organization\",\"@id\":\"https:\/\/inscription-universite-ete.isrp.fr\/#organization\",\"name\":\"ISRP\",\"url\":\"https:\/\/inscription-universite-ete.isrp.fr\/\",\"logo\":{\"@type\":\"ImageObject\",\"inLanguage\":\"pt-PT\",\"@id\":\"https:\/\/inscription-universite-ete.isrp.fr\/#\/schema\/logo\/image\/\",\"url\":\"https:\/\/inscription-universite-ete.isrp.fr\/wp-content\/uploads\/2025\/01\/logo-dpc.png\",\"contentUrl\":\"https:\/\/inscription-universite-ete.isrp.fr\/wp-content\/uploads\/2025\/01\/logo-dpc.png\",\"width\":500,\"height\":248,\"caption\":\"ISRP\"},\"image\":{\"@id\":\"https:\/\/inscription-universite-ete.isrp.fr\/#\/schema\/logo\/image\/\"}}]}<\/script>\n<!-- \/ Yoast SEO plugin. -->","yoast_head_json":{"title":"Prote\u00e7\u00e3o de dados pessoais - Inscription universit\u00e9 \u00e9t\u00e9","robots":{"index":"noindex","follow":"follow","max-snippet":"max-snippet:-1","max-image-preview":"max-image-preview:large","max-video-preview":"max-video-preview:-1"},"og_locale":"pt_PT","og_type":"article","og_title":"Prote\u00e7\u00e3o de dados pessoais - Inscription universit\u00e9 \u00e9t\u00e9","og_description":"O site https:\/\/inscription-universite-ete.isrp.fr (doravante o &#8220;Site&#8221;) \u00e9 administrado pelo ISRP, cuja sede est\u00e1 localizada na 25 rue Ginoux, 75015 Paris, registrado no RCS de Paris sob o n\u00famero 504 458 266. O ISRP trata, como respons\u00e1vel pelo tratamento, os dados pessoais que lhe dizem respeito e que s\u00e3o coletados por meio deste Site (doravante os ... Ler mais","og_url":"https:\/\/inscription-universite-ete.isrp.fr\/pt-pt\/protecao-de-dados-pessoais\/","og_site_name":"Inscription universit\u00e9 \u00e9t\u00e9","article_modified_time":"2025-02-21T15:59:37+00:00","twitter_card":"summary_large_image","twitter_misc":{"Tempo estimado de leitura":"6 minutos"},"schema":{"@context":"https:\/\/schema.org","@graph":[{"@type":"WebPage","@id":"https:\/\/inscription-universite-ete.isrp.fr\/pt-pt\/protecao-de-dados-pessoais\/","url":"https:\/\/inscription-universite-ete.isrp.fr\/pt-pt\/protecao-de-dados-pessoais\/","name":"Prote\u00e7\u00e3o de dados pessoais - Inscription universit\u00e9 \u00e9t\u00e9","isPartOf":{"@id":"https:\/\/inscription-universite-ete.isrp.fr\/#website"},"datePublished":"2025-02-20T13:52:06+00:00","dateModified":"2025-02-21T15:59:37+00:00","breadcrumb":{"@id":"https:\/\/inscription-universite-ete.isrp.fr\/pt-pt\/protecao-de-dados-pessoais\/#breadcrumb"},"inLanguage":"pt-PT","potentialAction":[{"@type":"ReadAction","target":["https:\/\/inscription-universite-ete.isrp.fr\/pt-pt\/protecao-de-dados-pessoais\/"]}]},{"@type":"BreadcrumbList","@id":"https:\/\/inscription-universite-ete.isrp.fr\/pt-pt\/protecao-de-dados-pessoais\/#breadcrumb","itemListElement":[{"@type":"ListItem","position":1,"name":"Accueil","item":"https:\/\/inscription-universite-ete.isrp.fr\/pt-pt\/"},{"@type":"ListItem","position":2,"name":"Prote\u00e7\u00e3o de dados pessoais"}]},{"@type":"WebSite","@id":"https:\/\/inscription-universite-ete.isrp.fr\/#website","url":"https:\/\/inscription-universite-ete.isrp.fr\/","name":"Inscription universit\u00e9 \u00e9t\u00e9","description":"","publisher":{"@id":"https:\/\/inscription-universite-ete.isrp.fr\/#organization"},"potentialAction":[{"@type":"SearchAction","target":{"@type":"EntryPoint","urlTemplate":"https:\/\/inscription-universite-ete.isrp.fr\/?s={search_term_string}"},"query-input":{"@type":"PropertyValueSpecification","valueRequired":true,"valueName":"search_term_string"}}],"inLanguage":"pt-PT"},{"@type":"Organization","@id":"https:\/\/inscription-universite-ete.isrp.fr\/#organization","name":"ISRP","url":"https:\/\/inscription-universite-ete.isrp.fr\/","logo":{"@type":"ImageObject","inLanguage":"pt-PT","@id":"https:\/\/inscription-universite-ete.isrp.fr\/#\/schema\/logo\/image\/","url":"https:\/\/inscription-universite-ete.isrp.fr\/wp-content\/uploads\/2025\/01\/logo-dpc.png","contentUrl":"https:\/\/inscription-universite-ete.isrp.fr\/wp-content\/uploads\/2025\/01\/logo-dpc.png","width":500,"height":248,"caption":"ISRP"},"image":{"@id":"https:\/\/inscription-universite-ete.isrp.fr\/#\/schema\/logo\/image\/"}}]}},"_links":{"self":[{"href":"https:\/\/inscription-universite-ete.isrp.fr\/pt-pt\/wp-json\/wp\/v2\/pages\/613","targetHints":{"allow":["GET"]}}],"collection":[{"href":"https:\/\/inscription-universite-ete.isrp.fr\/pt-pt\/wp-json\/wp\/v2\/pages"}],"about":[{"href":"https:\/\/inscription-universite-ete.isrp.fr\/pt-pt\/wp-json\/wp\/v2\/types\/page"}],"author":[{"embeddable":true,"href":"https:\/\/inscription-universite-ete.isrp.fr\/pt-pt\/wp-json\/wp\/v2\/users\/1"}],"replies":[{"embeddable":true,"href":"https:\/\/inscription-universite-ete.isrp.fr\/pt-pt\/wp-json\/wp\/v2\/comments?post=613"}],"version-history":[{"count":3,"href":"https:\/\/inscription-universite-ete.isrp.fr\/pt-pt\/wp-json\/wp\/v2\/pages\/613\/revisions"}],"predecessor-version":[{"id":696,"href":"https:\/\/inscription-universite-ete.isrp.fr\/pt-pt\/wp-json\/wp\/v2\/pages\/613\/revisions\/696"}],"wp:attachment":[{"href":"https:\/\/inscription-universite-ete.isrp.fr\/pt-pt\/wp-json\/wp\/v2\/media?parent=613"}],"curies":[{"name":"wp","href":"https:\/\/api.w.org\/{rel}","templated":true}]}}