{"id":449,"date":"2025-01-23T17:27:38","date_gmt":"2025-01-23T16:27:38","guid":{"rendered":"https:\/\/inscription-universite-ete.isrp.fr\/cart\/"},"modified":"2025-02-21T17:03:32","modified_gmt":"2025-02-21T16:03:32","slug":"cart","status":"publish","type":"page","link":"https:\/\/inscription-universite-ete.isrp.fr\/pt-pt\/cart\/","title":{"rendered":"Carrinho"},"content":{"rendered":"<div class=\"gb-container gb-container-4b0bf697\">\n<div class=\"gb-container gb-container-7fa45d47\">\n\n\n\n\n<div data-block-name=\"woocommerce\/cart\" class=\"wp-block-woocommerce-cart alignwide is-loading\">\n<div data-block-name=\"woocommerce\/filled-cart-block\" class=\"wp-block-woocommerce-filled-cart-block\">\n<div data-block-name=\"woocommerce\/cart-items-block\" class=\"wp-block-woocommerce-cart-items-block\">\n<div data-block-name=\"woocommerce\/cart-line-items-block\" class=\"wp-block-woocommerce-cart-line-items-block\"><\/div>\n<\/div>\n\n\n\n<div data-block-name=\"woocommerce\/cart-totals-block\" class=\"wp-block-woocommerce-cart-totals-block\">\n<div data-block-name=\"woocommerce\/cart-order-summary-block\" class=\"wp-block-woocommerce-cart-order-summary-block\">\n<div data-block-name=\"woocommerce\/cart-order-summary-heading-block\" data-content=\"Total panier\" class=\"wp-block-woocommerce-cart-order-summary-heading-block\"><\/div>\n\n\n\n<div data-block-name=\"woocommerce\/cart-order-summary-coupon-form-block\" class=\"wp-block-woocommerce-cart-order-summary-coupon-form-block\"><\/div>\n\n\n\n<div data-block-name=\"woocommerce\/cart-order-summary-totals-block\" class=\"wp-block-woocommerce-cart-order-summary-totals-block\">\n<div data-block-name=\"woocommerce\/cart-order-summary-subtotal-block\" class=\"wp-block-woocommerce-cart-order-summary-subtotal-block\"><\/div>\n\n\n\n<div data-block-name=\"woocommerce\/cart-order-summary-fee-block\" class=\"wp-block-woocommerce-cart-order-summary-fee-block\"><\/div>\n\n\n\n<div data-block-name=\"woocommerce\/cart-order-summary-discount-block\" class=\"wp-block-woocommerce-cart-order-summary-discount-block\"><\/div>\n\n\n\n<div data-block-name=\"woocommerce\/cart-order-summary-shipping-block\" class=\"wp-block-woocommerce-cart-order-summary-shipping-block\"><\/div>\n\n\n\n<div data-block-name=\"woocommerce\/cart-order-summary-taxes-block\" class=\"wp-block-woocommerce-cart-order-summary-taxes-block\"><\/div>\n<\/div>\n<\/div>\n\n\n\n<div data-block-name=\"woocommerce\/cart-express-payment-block\" class=\"wp-block-woocommerce-cart-express-payment-block\"><\/div>\n\n\n\n<div data-block-name=\"woocommerce\/proceed-to-checkout-block\" class=\"wp-block-woocommerce-proceed-to-checkout-block\"><\/div>\n\n\n\n<div data-block-name=\"woocommerce\/cart-accepted-payment-methods-block\" class=\"wp-block-woocommerce-cart-accepted-payment-methods-block\"><\/div>\n<\/div>\n<\/div>\n\n\n\n<div data-block-name=\"woocommerce\/empty-cart-block\" class=\"wp-block-woocommerce-empty-cart-block\">\n<h2 class=\"wp-block-heading has-text-align-center with-empty-cart-icon wc-block-cart__empty-cart__title\">Por favor registe-se atrav\u00e9s do formul\u00e1rio antes de pagar a sua inscri\u00e7\u00e3o<\/h2>\n\n\n\n<hr class=\"wp-block-separator has-alpha-channel-opacity is-style-dots\"\/>\n<\/div>\n<\/div>\n\n<\/div>\n<\/div>","protected":false},"excerpt":{"rendered":"","protected":false},"author":1,"featured_media":0,"parent":0,"menu_order":0,"comment_status":"closed","ping_status":"closed","template":"","meta":{"_acf_changed":false,"footnotes":""},"class_list":["post-449","page","type-page","status-publish"],"acf":[],"yoast_head":"<!-- This site is optimized with the Yoast SEO plugin v26.1.1 - https:\/\/yoast.com\/wordpress\/plugins\/seo\/ -->\n<title>Carrinho - Inscription universit\u00e9 \u00e9t\u00e9<\/title>\n<meta name=\"robots\" content=\"noindex, follow, max-snippet:-1, max-image-preview:large, max-video-preview:-1\" \/>\n<meta property=\"og:locale\" content=\"pt_PT\" \/>\n<meta property=\"og:type\" content=\"article\" \/>\n<meta property=\"og:title\" content=\"Carrinho - Inscription universit\u00e9 \u00e9t\u00e9\" \/>\n<meta property=\"og:url\" content=\"https:\/\/inscription-universite-ete.isrp.fr\/pt-pt\/cart\/\" \/>\n<meta property=\"og:site_name\" content=\"Inscription universit\u00e9 \u00e9t\u00e9\" \/>\n<meta property=\"article:modified_time\" content=\"2025-02-21T16:03:32+00:00\" \/>\n<meta name=\"twitter:card\" content=\"summary_large_image\" \/>\n<meta name=\"twitter:label1\" content=\"Tempo estimado de leitura\" \/>\n\t<meta name=\"twitter:data1\" content=\"1 minuto\" \/>\n<script type=\"application\/ld+json\" class=\"yoast-schema-graph\">{\"@context\":\"https:\/\/schema.org\",\"@graph\":[{\"@type\":\"WebPage\",\"@id\":\"https:\/\/inscription-universite-ete.isrp.fr\/pt-pt\/cart\/\",\"url\":\"https:\/\/inscription-universite-ete.isrp.fr\/pt-pt\/cart\/\",\"name\":\"Carrinho - Inscription universit\u00e9 \u00e9t\u00e9\",\"isPartOf\":{\"@id\":\"https:\/\/inscription-universite-ete.isrp.fr\/#website\"},\"datePublished\":\"2025-01-23T16:27:38+00:00\",\"dateModified\":\"2025-02-21T16:03:32+00:00\",\"breadcrumb\":{\"@id\":\"https:\/\/inscription-universite-ete.isrp.fr\/pt-pt\/cart\/#breadcrumb\"},\"inLanguage\":\"pt-PT\",\"potentialAction\":[{\"@type\":\"ReadAction\",\"target\":[\"https:\/\/inscription-universite-ete.isrp.fr\/pt-pt\/cart\/\"]}]},{\"@type\":\"BreadcrumbList\",\"@id\":\"https:\/\/inscription-universite-ete.isrp.fr\/pt-pt\/cart\/#breadcrumb\",\"itemListElement\":[{\"@type\":\"ListItem\",\"position\":1,\"name\":\"Accueil\",\"item\":\"https:\/\/inscription-universite-ete.isrp.fr\/pt-pt\/\"},{\"@type\":\"ListItem\",\"position\":2,\"name\":\"Carrinho\"}]},{\"@type\":\"WebSite\",\"@id\":\"https:\/\/inscription-universite-ete.isrp.fr\/#website\",\"url\":\"https:\/\/inscription-universite-ete.isrp.fr\/\",\"name\":\"Inscription universit\u00e9 \u00e9t\u00e9\",\"description\":\"\",\"publisher\":{\"@id\":\"https:\/\/inscription-universite-ete.isrp.fr\/#organization\"},\"potentialAction\":[{\"@type\":\"SearchAction\",\"target\":{\"@type\":\"EntryPoint\",\"urlTemplate\":\"https:\/\/inscription-universite-ete.isrp.fr\/?s={search_term_string}\"},\"query-input\":{\"@type\":\"PropertyValueSpecification\",\"valueRequired\":true,\"valueName\":\"search_term_string\"}}],\"inLanguage\":\"pt-PT\"},{\"@type\":\"Organization\",\"@id\":\"https:\/\/inscription-universite-ete.isrp.fr\/#organization\",\"name\":\"ISRP\",\"url\":\"https:\/\/inscription-universite-ete.isrp.fr\/\",\"logo\":{\"@type\":\"ImageObject\",\"inLanguage\":\"pt-PT\",\"@id\":\"https:\/\/inscription-universite-ete.isrp.fr\/#\/schema\/logo\/image\/\",\"url\":\"https:\/\/inscription-universite-ete.isrp.fr\/wp-content\/uploads\/2025\/01\/logo-dpc.png\",\"contentUrl\":\"https:\/\/inscription-universite-ete.isrp.fr\/wp-content\/uploads\/2025\/01\/logo-dpc.png\",\"width\":500,\"height\":248,\"caption\":\"ISRP\"},\"image\":{\"@id\":\"https:\/\/inscription-universite-ete.isrp.fr\/#\/schema\/logo\/image\/\"}}]}<\/script>\n<!-- \/ Yoast SEO plugin. -->","yoast_head_json":{"title":"Carrinho - Inscription universit\u00e9 \u00e9t\u00e9","robots":{"index":"noindex","follow":"follow","max-snippet":"max-snippet:-1","max-image-preview":"max-image-preview:large","max-video-preview":"max-video-preview:-1"},"og_locale":"pt_PT","og_type":"article","og_title":"Carrinho - Inscription universit\u00e9 \u00e9t\u00e9","og_url":"https:\/\/inscription-universite-ete.isrp.fr\/pt-pt\/cart\/","og_site_name":"Inscription universit\u00e9 \u00e9t\u00e9","article_modified_time":"2025-02-21T16:03:32+00:00","twitter_card":"summary_large_image","twitter_misc":{"Tempo estimado de leitura":"1 minuto"},"schema":{"@context":"https:\/\/schema.org","@graph":[{"@type":"WebPage","@id":"https:\/\/inscription-universite-ete.isrp.fr\/pt-pt\/cart\/","url":"https:\/\/inscription-universite-ete.isrp.fr\/pt-pt\/cart\/","name":"Carrinho - Inscription universit\u00e9 \u00e9t\u00e9","isPartOf":{"@id":"https:\/\/inscription-universite-ete.isrp.fr\/#website"},"datePublished":"2025-01-23T16:27:38+00:00","dateModified":"2025-02-21T16:03:32+00:00","breadcrumb":{"@id":"https:\/\/inscription-universite-ete.isrp.fr\/pt-pt\/cart\/#breadcrumb"},"inLanguage":"pt-PT","potentialAction":[{"@type":"ReadAction","target":["https:\/\/inscription-universite-ete.isrp.fr\/pt-pt\/cart\/"]}]},{"@type":"BreadcrumbList","@id":"https:\/\/inscription-universite-ete.isrp.fr\/pt-pt\/cart\/#breadcrumb","itemListElement":[{"@type":"ListItem","position":1,"name":"Accueil","item":"https:\/\/inscription-universite-ete.isrp.fr\/pt-pt\/"},{"@type":"ListItem","position":2,"name":"Carrinho"}]},{"@type":"WebSite","@id":"https:\/\/inscription-universite-ete.isrp.fr\/#website","url":"https:\/\/inscription-universite-ete.isrp.fr\/","name":"Inscription universit\u00e9 \u00e9t\u00e9","description":"","publisher":{"@id":"https:\/\/inscription-universite-ete.isrp.fr\/#organization"},"potentialAction":[{"@type":"SearchAction","target":{"@type":"EntryPoint","urlTemplate":"https:\/\/inscription-universite-ete.isrp.fr\/?s={search_term_string}"},"query-input":{"@type":"PropertyValueSpecification","valueRequired":true,"valueName":"search_term_string"}}],"inLanguage":"pt-PT"},{"@type":"Organization","@id":"https:\/\/inscription-universite-ete.isrp.fr\/#organization","name":"ISRP","url":"https:\/\/inscription-universite-ete.isrp.fr\/","logo":{"@type":"ImageObject","inLanguage":"pt-PT","@id":"https:\/\/inscription-universite-ete.isrp.fr\/#\/schema\/logo\/image\/","url":"https:\/\/inscription-universite-ete.isrp.fr\/wp-content\/uploads\/2025\/01\/logo-dpc.png","contentUrl":"https:\/\/inscription-universite-ete.isrp.fr\/wp-content\/uploads\/2025\/01\/logo-dpc.png","width":500,"height":248,"caption":"ISRP"},"image":{"@id":"https:\/\/inscription-universite-ete.isrp.fr\/#\/schema\/logo\/image\/"}}]}},"_links":{"self":[{"href":"https:\/\/inscription-universite-ete.isrp.fr\/pt-pt\/wp-json\/wp\/v2\/pages\/449","targetHints":{"allow":["GET"]}}],"collection":[{"href":"https:\/\/inscription-universite-ete.isrp.fr\/pt-pt\/wp-json\/wp\/v2\/pages"}],"about":[{"href":"https:\/\/inscription-universite-ete.isrp.fr\/pt-pt\/wp-json\/wp\/v2\/types\/page"}],"author":[{"embeddable":true,"href":"https:\/\/inscription-universite-ete.isrp.fr\/pt-pt\/wp-json\/wp\/v2\/users\/1"}],"replies":[{"embeddable":true,"href":"https:\/\/inscription-universite-ete.isrp.fr\/pt-pt\/wp-json\/wp\/v2\/comments?post=449"}],"version-history":[{"count":3,"href":"https:\/\/inscription-universite-ete.isrp.fr\/pt-pt\/wp-json\/wp\/v2\/pages\/449\/revisions"}],"predecessor-version":[{"id":701,"href":"https:\/\/inscription-universite-ete.isrp.fr\/pt-pt\/wp-json\/wp\/v2\/pages\/449\/revisions\/701"}],"wp:attachment":[{"href":"https:\/\/inscription-universite-ete.isrp.fr\/pt-pt\/wp-json\/wp\/v2\/media?parent=449"}],"curies":[{"name":"wp","href":"https:\/\/api.w.org\/{rel}","templated":true}]}}