{"id":632,"date":"2025-02-20T14:54:11","date_gmt":"2025-02-20T13:54:11","guid":{"rendered":"https:\/\/inscription-universite-ete.isrp.fr\/condition-generales-de-vente\/"},"modified":"2025-02-20T23:33:08","modified_gmt":"2025-02-20T22:33:08","slug":"condizioni-generali-vendita","status":"publish","type":"page","link":"https:\/\/inscription-universite-ete.isrp.fr\/it\/condizioni-generali-vendita\/","title":{"rendered":"Condizioni generali di vendita"},"content":{"rendered":"\n<p><strong>ISRP PARIS \u2013 Formazione continua<\/strong><br><a>https:\/\/inscription-universite-ete.isrp.fr\/<\/a><br><strong>Condizioni Generali di Vendita<\/strong><\/p>\n\n\n\n<p><strong>Articolo 1 \u2013 Campo di applicazione<\/strong><\/p>\n\n\n\n<p>Le presenti condizioni generali di vendita (le &#8220;Condizioni&#8221;) si applicano alle iscrizioni effettuate da qualsiasi acquirente (il &#8220;Cliente&#8221;) all&#8217;Universit\u00e0 estiva (&#8220;la formazione&#8221;) presentata sul sito internet accessibile all&#8217;indirizzo <a>https:\/\/inscription-universite-ete.isrp.fr\/<\/a> (il &#8220;Sito&#8221;). Insieme al contratto o alla convenzione di formazione, esse costituiscono il contratto concluso tra il Cliente e il Venditore (il &#8220;Contratto&#8221;).<\/p>\n\n\n\n<p>Il venditore delle Formazioni \u00e8 la societ\u00e0 ISRP (il &#8220;Venditore&#8221;), con sede legale in 25, rue Ginoux 75015 Parigi e numero di esistenza 11 750 146 575.<\/p>\n\n\n\n<p>Si raccomanda al Cliente di leggere attentamente le Condizioni prima di effettuare un ordine. Selezionando la casella &#8220;Ho letto e accetto le condizioni generali di vendita&#8221; al momento dell&#8217;ordine, il Cliente accetta l&#8217;applicazione delle Condizioni. Il Venditore si riserva il diritto di modificare le Condizioni in qualsiasi momento, senza preavviso, pubblicando una nuova versione delle stesse sul Sito. Tali modifiche non si applicheranno agli ordini effettuati prima della pubblicazione delle Condizioni modificate sul Sito.<\/p>\n\n\n\n<p>Accettando le Condizioni, il Cliente certifica di essere maggiorenne o di essere il rappresentante legale del beneficiario della formazione (&#8220;l&#8217;Apprendista&#8221;) e di avere la capacit\u00e0 di concludere un contratto con il Venditore.<\/p>\n\n\n\n<p><strong>Articolo 2 \u2013 Iscrizioni<\/strong><\/p>\n\n\n\n<p><strong>Residenti in Francia<\/strong><\/p>\n\n\n\n<p>Si applica la regolamentazione della formazione continua.<\/p>\n\n\n\n<p>Il Cliente pu\u00f2 iscriversi all&#8217;Universit\u00e0 estiva esclusivamente nelle date indicate sul Sito, seguendo il seguente processo:<\/p>\n\n\n\n<ol start=\"1\" class=\"wp-block-list\">\n<li>Il Cliente deve compilare il modulo di iscrizione con diverse informazioni, tra cui i propri dati personali (nome, cognome, indirizzo e-mail, data di nascita, indirizzo e numero di telefono cellulare, numero ADELI\/RPPS&#8230;). Il Cliente deve seguire le fasi di validazione dell&#8217;iscrizione.<\/li>\n\n\n\n<li>In caso di pagamento personale, il Cliente versa un acconto del 30% online al momento della richiesta di iscrizione. Nessun acconto \u00e8 richiesto in caso di pagamento da parte del datore di lavoro. Il Cliente restituisce una copia del contratto di formazione firmato al Venditore tramite e-mail all&#8217;indirizzo <a>formazionecontinue@isrp.fr<\/a>. Successivamente, il Cliente riceve un&#8217;e-mail di conferma dell&#8217;iscrizione, che si impegna a conservare.<\/li>\n\n\n\n<li>Il Venditore invia via e-mail al Cliente il contratto o la convenzione di formazione, contenente le condizioni generali di vendita, i mezzi didattici e tecnici, le modalit\u00e0 finanziarie, il programma dettagliato, ecc.<\/li>\n<\/ol>\n\n\n\n<p><strong>Residenti fuori dalla Francia<\/strong><\/p>\n\n\n\n<p>Il Cliente pu\u00f2 iscriversi all&#8217;Universit\u00e0 estiva esclusivamente nelle date indicate sul Sito, seguendo il seguente processo:<\/p>\n\n\n\n<ol start=\"1\" class=\"wp-block-list\">\n<li>Il Cliente deve compilare il modulo di iscrizione con diverse informazioni, tra cui i propri dati personali e quelli del partecipante in caso di finanziamento esterno (nome, cognome, indirizzo e-mail, data di nascita, indirizzo e numero di telefono cellulare, paese di residenza, paese di ottenimento del titolo professionale, ecc.). Il Cliente deve seguire le fasi di validazione dell&#8217;iscrizione.<\/li>\n\n\n\n<li>Il Cliente paga il costo dell&#8217;iscrizione online al momento della richiesta di iscrizione. Il Cliente riceve quindi un&#8217;e-mail di conferma dell&#8217;iscrizione, che si impegna a conservare, dopo la ricezione da parte del Venditore dell&#8217;importo dell&#8217;acquisto.<\/li>\n<\/ol>\n\n\n\n<p>Il Venditore si riserva il diritto di rifiutare un&#8217;iscrizione per motivi legittimi, in particolare se non vi sono pi\u00f9 posti disponibili.<\/p>\n\n\n\n<p><strong>Articolo 3 \u2013 Prezzi e pagamento<\/strong><\/p>\n\n\n\n<p>Il prezzo della Formazione \u00e8 indicato sul Sito ed \u00e8 confermato durante il processo di ordine. Tutti i prezzi sul Sito sono espressi in Euro, IVA inclusa.<\/p>\n\n\n\n<p>Sebbene il Venditore si sforzi di garantire che tutti i prezzi indicati sul Sito siano corretti, possono verificarsi errori (ad esempio per ragioni tecniche, come guasti di rete, errori di trasmissione, ecc.). Se il Venditore scopre un errore nel prezzo delle Formazioni, informer\u00e0 il Cliente il prima possibile e gli dar\u00e0 la possibilit\u00e0 di confermare nuovamente l&#8217;iscrizione al prezzo corretto o di annullarla.<\/p>\n\n\n\n<p><strong>Residenti in Francia<\/strong><\/p>\n\n\n\n<p>Si applica la regolamentazione della formazione continua.<\/p>\n\n\n\n<p><strong>Pagamento personale:<\/strong><\/p>\n\n\n\n<ul class=\"wp-block-list\">\n<li>1\u00aa rata: 30% del prezzo al momento dell&#8217;iscrizione<\/li>\n\n\n\n<li>2\u00aa rata: 70% del prezzo alla ricezione della fattura dopo l&#8217;Universit\u00e0 estiva<\/li>\n<\/ul>\n\n\n\n<p><strong>Pagamento a carico del datore di lavoro:<\/strong><\/p>\n\n\n\n<ul class=\"wp-block-list\">\n<li>Pagamento alla ricezione della fattura dopo l&#8217;Universit\u00e0 estiva<\/li>\n<\/ul>\n\n\n\n<p>Il Cliente garantisce che le informazioni di pagamento fornite siano valide e corrette e di essere autorizzato a utilizzare il metodo di pagamento scelto.<\/p>\n\n\n\n<p><strong>Residenti fuori dalla Francia<\/strong><\/p>\n\n\n\n<ul class=\"wp-block-list\">\n<li>Pagamento al momento dell&#8217;iscrizione tramite carta di credito<\/li>\n<\/ul>\n\n\n\n<p><strong>Articolo 4 \u2013 Diritto di recesso<\/strong><\/p>\n\n\n\n<p>Ai sensi degli articoli L.221-18 e seguenti del Codice del Consumo francese, il Cliente ha il diritto di recesso entro 14 giorni dalla data di conclusione del Contratto.<\/p>\n\n\n\n<p>Per esercitare questo diritto, il Cliente deve informare il Venditore della sua decisione tramite una dichiarazione chiara e scritta inviata con lettera raccomandata con ricevuta di ritorno o via e-mail a <a>formazionecontinue@isrp.fr<\/a> entro e non oltre il 14\u00b0 giorno dalla data di conclusione del Contratto. Il Cliente pu\u00f2 utilizzare il modulo di recesso allegato, senza che l&#8217;uso di tale modulo sia obbligatorio.<\/p>\n\n\n\n<p>Se il prezzo della Formazione \u00e8 gi\u00e0 stato pagato, il Venditore si impegna a rimborsare il Cliente entro 14 giorni dalla ricezione della dichiarazione di recesso.<\/p>\n\n\n\n<h3 class=\"wp-block-heading\"><strong>Article 5 \u2013 Risoluzione<\/strong><\/h3>\n\n\n\n<p>Il Cliente pu\u00f2 risolvere il Contratto tramite lettera raccomandata con avviso di ricevimento con un preavviso di otto giorni, se, a seguito di un caso fortuito o di forza maggiore, \u00e8 impossibilitato a partecipare all&#8217;Universit\u00e0 estiva. In tal caso, la risoluzione non d\u00e0 diritto ad alcun indennizzo.<\/p>\n\n\n\n<p>Per i residenti in Francia soggetti alla formazione continua, si prega di fare riferimento al contratto o alla convenzione di formazione firmata.<\/p>\n\n\n\n<p>Ciascuna delle parti pu\u00f2 risolvere il Contratto tramite lettera raccomandata con avviso di ricevimento in caso di inadempimento da parte dell&#8217;altra parte di uno qualsiasi dei suoi obblighi, se tale inadempimento non viene sanato entro trenta (30) giorni dalla notifica formale.<\/p>\n\n\n\n<hr class=\"wp-block-separator has-alpha-channel-opacity\"\/>\n\n\n\n<h3 class=\"wp-block-heading\"><strong>Article 6 \u2013 Propriet\u00e0 intellettuale<\/strong><\/h3>\n\n\n\n<p>Il Venditore \u00e8 titolare di tutti i diritti di propriet\u00e0 intellettuale relativi ai contenuti dell&#8217;Universit\u00e0 estiva. Nessuno di questi diritti \u00e8 ceduto al Cliente, che pertanto si impegna a non riprodurre, rappresentare o sfruttare in alcun modo e sotto qualsiasi forma i suddetti contenuti.<\/p>\n\n\n\n<hr class=\"wp-block-separator has-alpha-channel-opacity\"\/>\n\n\n\n<h3 class=\"wp-block-heading\"><strong>Article 7 \u2013 Trattamento dei dati personali<\/strong><\/h3>\n\n\n\n<p>Il Venditore, in qualit\u00e0 di responsabile del trattamento, raccoglie i dati personali forniti volontariamente dal Cliente sul Sito al momento dell&#8217;iscrizione. Questi dati sono necessari affinch\u00e9 il Venditore possa erogare la Formazione al Cliente (base giuridica: esecuzione di un contratto). Possono inoltre essere utilizzati dal Venditore per comunicazioni commerciali rivolte al Cliente.<\/p>\n\n\n\n<p>I destinatari di questi dati sono il Venditore e i fornitori di servizi coinvolti nell&#8217;erogazione della Formazione a cui il Cliente si \u00e8 iscritto. I dati potranno anche essere trasmessi ai diversi servizi statali competenti per adempiere a un obbligo legale.<\/p>\n\n\n\n<p>Il Cliente ha il diritto di accesso, rettifica, cancellazione, portabilit\u00e0 dei dati che lo riguardano, il diritto di non essere soggetto a una decisione individuale automatizzata (compresa la profilazione), nonch\u00e9 il diritto alla limitazione del trattamento. Questi diritti possono essere esercitati attraverso il sito del Venditore, indirizzando la richiesta al Responsabile della Protezione dei Dati: <a href=\"https:\/\/inscription-universite-ete.isrp.fr\/protection-des-donnees-personnelles\/\">link<\/a>.<\/p>\n\n\n\n<p>Qualsiasi richiesta deve essere chiara, precisa, accompagnata da una copia di un documento d\u2019identit\u00e0 e conforme al quadro normativo vigente.<\/p>\n\n\n\n<p>Le informazioni sui cookie sono disponibili sul Sito nella sezione <strong>&#8220;Politica di protezione dei dati personali&#8221;<\/strong>.<\/p>\n\n\n\n<p>I dati sono conservati per il tempo necessario alla realizzazione della formazione, ad eccezione di quelli soggetti a un obbligo legale o regolamentare di conservazione minima, o alla scadenza di un termine di prescrizione.<\/p>\n\n\n\n<p>Reclami presso la CNIL: <a href=\"www.cnil.fr\/fr\/plaintes\">www.cnil.fr\/fr\/plaintes<\/a> o <a href=\"www.cnil.fr\">www.cnil.fr<\/a>.<\/p>\n\n\n\n<hr class=\"wp-block-separator has-alpha-channel-opacity\"\/>\n\n\n\n<h3 class=\"wp-block-heading\"><strong>Article 8 \u2013 Legge applicabile \/ Risoluzione delle controversie<\/strong><\/h3>\n\n\n\n<p>Le Condizioni sono regolate dalla legge francese, fatto salvo l\u2019applicazione delle norme nazionali imperative del paese di residenza abituale del Cliente.<\/p>\n\n\n\n<p>Per qualsiasi controversia relativa alla validit\u00e0 e\/o esecuzione delle Condizioni, e pi\u00f9 in generale per qualsiasi controversia relativa all&#8217;iscrizione a una Formazione sul Sito, il Cliente pu\u00f2 rivolgersi a:<\/p>\n\n\n\n<ul class=\"wp-block-list\">\n<li>Un tribunale territorialmente competente ai sensi del codice di procedura civile<\/li>\n\n\n\n<li>Il tribunale del luogo di residenza al momento della conclusione del contratto<\/li>\n\n\n\n<li>Il tribunale del luogo in cui si \u00e8 verificato il danno<\/li>\n<\/ul>\n\n\n\n<p>Il Cliente \u00e8 inoltre informato che pu\u00f2 ricorrere gratuitamente a un mediatore dei consumatori, secondo le condizioni previste dagli articoli L.616-1 e seguenti del codice del consumo.<\/p>\n\n\n\n<p>Il Cliente pu\u00f2 anche accedere alla piattaforma europea per la risoluzione online delle controversie all&#8217;indirizzo: <a href=\"https:\/\/webgate.ec.europa.eu\/odr\/\">https:\/\/webgate.ec.europa.eu\/odr\/<\/a>.<\/p>\n\n\n\n<hr class=\"wp-block-separator has-alpha-channel-opacity\"\/>\n\n\n\n<h3 class=\"wp-block-heading\"><strong>ALLEGATO \u2013 MODELLO DI MODULO DI RECESSO<\/strong><\/h3>\n\n\n\n<p>(Compilare e inviare questo modulo per posta solo se si desidera esercitare il diritto di recesso)<\/p>\n\n\n\n<p><strong>Destinatario:<\/strong><\/p>\n\n\n\n<p>Indirizzo postale:<\/p>\n\n\n\n<p>E-mail:<\/p>\n\n\n\n<p>Telefono:<\/p>\n\n\n\n<p>Con la presente notifico il mio recesso dal contratto relativo alla seguente prestazione di servizio:<\/p>\n\n\n\n<p>Ordinato il:<\/p>\n\n\n\n<p>Nome del consumatore:<\/p>\n\n\n\n<p>Indirizzo del consumatore:<\/p>\n\n\n\n<p>Data:<\/p>\n\n\n\n<p>Firma del consumatore (solo in caso di notifica del modulo in formato cartaceo):<\/p>\n","protected":false},"excerpt":{"rendered":"<p>ISRP PARIS \u2013 Formazione continuahttps:\/\/inscription-universite-ete.isrp.fr\/Condizioni Generali di Vendita Articolo 1 \u2013 Campo di applicazione Le presenti condizioni generali di vendita (le &#8220;Condizioni&#8221;) si applicano alle iscrizioni effettuate da qualsiasi acquirente (il &#8220;Cliente&#8221;) all&#8217;Universit\u00e0 estiva (&#8220;la formazione&#8221;) presentata sul sito internet accessibile all&#8217;indirizzo https:\/\/inscription-universite-ete.isrp.fr\/ (il &#8220;Sito&#8221;). Insieme al contratto o alla convenzione di formazione, esse costituiscono &#8230; <a title=\"Condizioni generali di vendita\" class=\"read-more\" href=\"https:\/\/inscription-universite-ete.isrp.fr\/it\/condizioni-generali-vendita\/\" aria-label=\"Per saperne di pi\u00f9 su Condizioni generali di vendita\">Leggi tutto<\/a><\/p>\n","protected":false},"author":1,"featured_media":0,"parent":0,"menu_order":0,"comment_status":"closed","ping_status":"closed","template":"","meta":{"_acf_changed":false,"footnotes":""},"class_list":["post-632","page","type-page","status-publish"],"acf":[],"yoast_head":"<!-- This site is optimized with the Yoast SEO plugin v26.1.1 - https:\/\/yoast.com\/wordpress\/plugins\/seo\/ -->\n<title>Condizioni generali di vendita - Inscription universit\u00e9 \u00e9t\u00e9<\/title>\n<meta name=\"robots\" content=\"noindex, follow, max-snippet:-1, max-image-preview:large, max-video-preview:-1\" \/>\n<meta property=\"og:locale\" content=\"it_IT\" \/>\n<meta property=\"og:type\" content=\"article\" \/>\n<meta property=\"og:title\" content=\"Condizioni generali di vendita - Inscription universit\u00e9 \u00e9t\u00e9\" \/>\n<meta property=\"og:description\" content=\"ISRP PARIS \u2013 Formazione continuahttps:\/\/inscription-universite-ete.isrp.fr\/Condizioni Generali di Vendita Articolo 1 \u2013 Campo di applicazione Le presenti condizioni generali di vendita (le &#8220;Condizioni&#8221;) si applicano alle iscrizioni effettuate da qualsiasi acquirente (il &#8220;Cliente&#8221;) all&#8217;Universit\u00e0 estiva (&#8220;la formazione&#8221;) presentata sul sito internet accessibile all&#8217;indirizzo https:\/\/inscription-universite-ete.isrp.fr\/ (il &#8220;Sito&#8221;). Insieme al contratto o alla convenzione di formazione, esse costituiscono ... Leggi tutto\" \/>\n<meta property=\"og:url\" content=\"https:\/\/inscription-universite-ete.isrp.fr\/it\/condizioni-generali-vendita\/\" \/>\n<meta property=\"og:site_name\" content=\"Inscription universit\u00e9 \u00e9t\u00e9\" \/>\n<meta property=\"article:modified_time\" content=\"2025-02-20T22:33:08+00:00\" \/>\n<meta name=\"twitter:card\" content=\"summary_large_image\" \/>\n<meta name=\"twitter:label1\" content=\"Tempo di lettura stimato\" \/>\n\t<meta name=\"twitter:data1\" content=\"8 minuti\" \/>\n<script type=\"application\/ld+json\" class=\"yoast-schema-graph\">{\"@context\":\"https:\/\/schema.org\",\"@graph\":[{\"@type\":\"WebPage\",\"@id\":\"https:\/\/inscription-universite-ete.isrp.fr\/it\/condizioni-generali-vendita\/\",\"url\":\"https:\/\/inscription-universite-ete.isrp.fr\/it\/condizioni-generali-vendita\/\",\"name\":\"Condizioni generali di vendita - Inscription universit\u00e9 \u00e9t\u00e9\",\"isPartOf\":{\"@id\":\"https:\/\/inscription-universite-ete.isrp.fr\/#website\"},\"datePublished\":\"2025-02-20T13:54:11+00:00\",\"dateModified\":\"2025-02-20T22:33:08+00:00\",\"breadcrumb\":{\"@id\":\"https:\/\/inscription-universite-ete.isrp.fr\/it\/condizioni-generali-vendita\/#breadcrumb\"},\"inLanguage\":\"it-IT\",\"potentialAction\":[{\"@type\":\"ReadAction\",\"target\":[\"https:\/\/inscription-universite-ete.isrp.fr\/it\/condizioni-generali-vendita\/\"]}]},{\"@type\":\"BreadcrumbList\",\"@id\":\"https:\/\/inscription-universite-ete.isrp.fr\/it\/condizioni-generali-vendita\/#breadcrumb\",\"itemListElement\":[{\"@type\":\"ListItem\",\"position\":1,\"name\":\"Accueil\",\"item\":\"https:\/\/inscription-universite-ete.isrp.fr\/it\/\"},{\"@type\":\"ListItem\",\"position\":2,\"name\":\"Condizioni generali di vendita\"}]},{\"@type\":\"WebSite\",\"@id\":\"https:\/\/inscription-universite-ete.isrp.fr\/#website\",\"url\":\"https:\/\/inscription-universite-ete.isrp.fr\/\",\"name\":\"Inscription universit\u00e9 \u00e9t\u00e9\",\"description\":\"\",\"publisher\":{\"@id\":\"https:\/\/inscription-universite-ete.isrp.fr\/#organization\"},\"potentialAction\":[{\"@type\":\"SearchAction\",\"target\":{\"@type\":\"EntryPoint\",\"urlTemplate\":\"https:\/\/inscription-universite-ete.isrp.fr\/?s={search_term_string}\"},\"query-input\":{\"@type\":\"PropertyValueSpecification\",\"valueRequired\":true,\"valueName\":\"search_term_string\"}}],\"inLanguage\":\"it-IT\"},{\"@type\":\"Organization\",\"@id\":\"https:\/\/inscription-universite-ete.isrp.fr\/#organization\",\"name\":\"ISRP\",\"url\":\"https:\/\/inscription-universite-ete.isrp.fr\/\",\"logo\":{\"@type\":\"ImageObject\",\"inLanguage\":\"it-IT\",\"@id\":\"https:\/\/inscription-universite-ete.isrp.fr\/#\/schema\/logo\/image\/\",\"url\":\"https:\/\/inscription-universite-ete.isrp.fr\/wp-content\/uploads\/2025\/01\/logo-dpc.png\",\"contentUrl\":\"https:\/\/inscription-universite-ete.isrp.fr\/wp-content\/uploads\/2025\/01\/logo-dpc.png\",\"width\":500,\"height\":248,\"caption\":\"ISRP\"},\"image\":{\"@id\":\"https:\/\/inscription-universite-ete.isrp.fr\/#\/schema\/logo\/image\/\"}}]}<\/script>\n<!-- \/ Yoast SEO plugin. -->","yoast_head_json":{"title":"Condizioni generali di vendita - Inscription universit\u00e9 \u00e9t\u00e9","robots":{"index":"noindex","follow":"follow","max-snippet":"max-snippet:-1","max-image-preview":"max-image-preview:large","max-video-preview":"max-video-preview:-1"},"og_locale":"it_IT","og_type":"article","og_title":"Condizioni generali di vendita - Inscription universit\u00e9 \u00e9t\u00e9","og_description":"ISRP PARIS \u2013 Formazione continuahttps:\/\/inscription-universite-ete.isrp.fr\/Condizioni Generali di Vendita Articolo 1 \u2013 Campo di applicazione Le presenti condizioni generali di vendita (le &#8220;Condizioni&#8221;) si applicano alle iscrizioni effettuate da qualsiasi acquirente (il &#8220;Cliente&#8221;) all&#8217;Universit\u00e0 estiva (&#8220;la formazione&#8221;) presentata sul sito internet accessibile all&#8217;indirizzo https:\/\/inscription-universite-ete.isrp.fr\/ (il &#8220;Sito&#8221;). Insieme al contratto o alla convenzione di formazione, esse costituiscono ... Leggi tutto","og_url":"https:\/\/inscription-universite-ete.isrp.fr\/it\/condizioni-generali-vendita\/","og_site_name":"Inscription universit\u00e9 \u00e9t\u00e9","article_modified_time":"2025-02-20T22:33:08+00:00","twitter_card":"summary_large_image","twitter_misc":{"Tempo di lettura stimato":"8 minuti"},"schema":{"@context":"https:\/\/schema.org","@graph":[{"@type":"WebPage","@id":"https:\/\/inscription-universite-ete.isrp.fr\/it\/condizioni-generali-vendita\/","url":"https:\/\/inscription-universite-ete.isrp.fr\/it\/condizioni-generali-vendita\/","name":"Condizioni generali di vendita - Inscription universit\u00e9 \u00e9t\u00e9","isPartOf":{"@id":"https:\/\/inscription-universite-ete.isrp.fr\/#website"},"datePublished":"2025-02-20T13:54:11+00:00","dateModified":"2025-02-20T22:33:08+00:00","breadcrumb":{"@id":"https:\/\/inscription-universite-ete.isrp.fr\/it\/condizioni-generali-vendita\/#breadcrumb"},"inLanguage":"it-IT","potentialAction":[{"@type":"ReadAction","target":["https:\/\/inscription-universite-ete.isrp.fr\/it\/condizioni-generali-vendita\/"]}]},{"@type":"BreadcrumbList","@id":"https:\/\/inscription-universite-ete.isrp.fr\/it\/condizioni-generali-vendita\/#breadcrumb","itemListElement":[{"@type":"ListItem","position":1,"name":"Accueil","item":"https:\/\/inscription-universite-ete.isrp.fr\/it\/"},{"@type":"ListItem","position":2,"name":"Condizioni generali di vendita"}]},{"@type":"WebSite","@id":"https:\/\/inscription-universite-ete.isrp.fr\/#website","url":"https:\/\/inscription-universite-ete.isrp.fr\/","name":"Inscription universit\u00e9 \u00e9t\u00e9","description":"","publisher":{"@id":"https:\/\/inscription-universite-ete.isrp.fr\/#organization"},"potentialAction":[{"@type":"SearchAction","target":{"@type":"EntryPoint","urlTemplate":"https:\/\/inscription-universite-ete.isrp.fr\/?s={search_term_string}"},"query-input":{"@type":"PropertyValueSpecification","valueRequired":true,"valueName":"search_term_string"}}],"inLanguage":"it-IT"},{"@type":"Organization","@id":"https:\/\/inscription-universite-ete.isrp.fr\/#organization","name":"ISRP","url":"https:\/\/inscription-universite-ete.isrp.fr\/","logo":{"@type":"ImageObject","inLanguage":"it-IT","@id":"https:\/\/inscription-universite-ete.isrp.fr\/#\/schema\/logo\/image\/","url":"https:\/\/inscription-universite-ete.isrp.fr\/wp-content\/uploads\/2025\/01\/logo-dpc.png","contentUrl":"https:\/\/inscription-universite-ete.isrp.fr\/wp-content\/uploads\/2025\/01\/logo-dpc.png","width":500,"height":248,"caption":"ISRP"},"image":{"@id":"https:\/\/inscription-universite-ete.isrp.fr\/#\/schema\/logo\/image\/"}}]}},"_links":{"self":[{"href":"https:\/\/inscription-universite-ete.isrp.fr\/it\/wp-json\/wp\/v2\/pages\/632","targetHints":{"allow":["GET"]}}],"collection":[{"href":"https:\/\/inscription-universite-ete.isrp.fr\/it\/wp-json\/wp\/v2\/pages"}],"about":[{"href":"https:\/\/inscription-universite-ete.isrp.fr\/it\/wp-json\/wp\/v2\/types\/page"}],"author":[{"embeddable":true,"href":"https:\/\/inscription-universite-ete.isrp.fr\/it\/wp-json\/wp\/v2\/users\/1"}],"replies":[{"embeddable":true,"href":"https:\/\/inscription-universite-ete.isrp.fr\/it\/wp-json\/wp\/v2\/comments?post=632"}],"version-history":[{"count":1,"href":"https:\/\/inscription-universite-ete.isrp.fr\/it\/wp-json\/wp\/v2\/pages\/632\/revisions"}],"predecessor-version":[{"id":639,"href":"https:\/\/inscription-universite-ete.isrp.fr\/it\/wp-json\/wp\/v2\/pages\/632\/revisions\/639"}],"wp:attachment":[{"href":"https:\/\/inscription-universite-ete.isrp.fr\/it\/wp-json\/wp\/v2\/media?parent=632"}],"curies":[{"name":"wp","href":"https:\/\/api.w.org\/{rel}","templated":true}]}}