{"id":622,"date":"2025-02-18T22:03:03","date_gmt":"2025-02-18T21:03:03","guid":{"rendered":"https:\/\/inscription-universite-ete.isrp.fr\/mentions-legales\/"},"modified":"2025-02-20T23:20:24","modified_gmt":"2025-02-20T22:20:24","slug":"avvisi-legali","status":"publish","type":"page","link":"https:\/\/inscription-universite-ete.isrp.fr\/it\/avvisi-legali\/","title":{"rendered":"Avvisi legali"},"content":{"rendered":"\n<h3 class=\"wp-block-heading\"><strong>Proprietario ed editore del sito<\/strong><\/h3>\n\n\n\n<p>ISRP Formazione Continua \u2013 ISRP (Istituto Superiore di Rieducazione Psicomotoria), la scuola di Psicomotricit\u00e0 a Parigi, Marsiglia, Vichy e Metz.<\/p>\n\n\n\n<p>SIRET: 784 710 352 00088<br>Attivit\u00e0: Istruzione superiore 8542Z<br>N. di Partita IVA intracomunitaria: FR44 784 710 352<br>Sede legale: 25 Rue Ginoux, 75015 PARIS<br>Tel: +33 (0)1 58 17 18 50<br>E-mail: <a>webmaster@isrp.fr<\/a><\/p>\n\n\n\n<p><strong>Direttore della pubblicazione:<\/strong> Franck Lemonnier<\/p>\n\n\n\n<h3 class=\"wp-block-heading\"><strong>Creazione e hosting<\/strong><\/h3>\n\n\n\n<p><strong>Creazione e sviluppo<\/strong><\/p>\n\n\n\n<p>Lo sviluppo del sito web \u00e8 gestito internamente (<a>webmaster@isrp.fr<\/a>)<\/p>\n\n\n\n<p><strong>Hosting<\/strong><\/p>\n\n\n\n<p>Aqua Ray SAS<br>SIREN: RCS Cr\u00e9teil 447 997 099<br>14 rue Jules Vanzuppe<br>94200 Ivry-sur-Seine<br>Tel: 01 84 04 04 05<\/p>\n\n\n\n<h3 class=\"wp-block-heading\"><strong>Politica sui dati personali<\/strong><\/h3>\n\n\n\n<p>Per saperne di pi\u00f9 sulla nostra politica di protezione dei dati personali, clicca qui.<\/p>\n\n\n\n<h3 class=\"wp-block-heading\"><strong>Copyright<\/strong><\/h3>\n\n\n\n<p>L\u2019intero sito <a href=\"https:\/\/inscription-universite-ete.isrp.fr\/\">https:\/\/inscription-universite-ete.isrp.fr\/<\/a> \u00e8 soggetto alla legislazione francese e, in quanto tale, \u00e8 protetto dalle disposizioni del Codice della Propriet\u00e0 Intellettuale, in particolare quelle relative alla propriet\u00e0 letteraria e artistica, ai diritti d&#8217;autore e alla protezione delle banche dati. Questi diritti sono di esclusiva propriet\u00e0 di ISRP Formazione Continua.<\/p>\n\n\n\n<p>Ricordiamo che il Codice della Propriet\u00e0 Intellettuale autorizza, ai sensi dell\u2019articolo L.122-5, solo copie o riproduzioni riservate esclusivamente all\u2019uso privato del copista e non destinate a un uso collettivo, nonch\u00e9 analisi e citazioni brevi a scopo di esempio e illustrazione.<\/p>\n\n\n\n<p>Allo stesso modo, l\u2019articolo L.342-3 del Codice della Propriet\u00e0 Intellettuale consente solo l\u2019estrazione o il riutilizzo di una parte non sostanziale del contenuto di una banca dati messa a disposizione del pubblico dal suo titolare. Di conseguenza, qualsiasi rappresentazione o riproduzione non autorizzata del sito <a href=\"https:\/\/inscription-universite-ete.isrp.fr\/\">https:\/\/inscription-universite-ete.isrp.fr\/<\/a> con qualsiasi mezzo \u00e8 severamente vietata e perseguibile legalmente.<\/p>\n\n\n\n<p>L&#8217;autore della violazione \u00e8 soggetto a sanzioni civili e penali, comprese le pene previste dagli articoli L.335-2 e L.343-1 del Codice della Propriet\u00e0 Intellettuale.<\/p>\n\n\n\n<p>Qualsiasi utilizzo dei nomi di marchi e loghi di questo sito, inclusi, ma non limitati a, ISRP Formazione Continua e i nomi commerciali dei partner di ISRP Formazione Continua, \u00e8 vietato senza l\u2019autorizzazione dei titolari dei diritti.<\/p>\n\n\n\n<p>Tutte le fotografie presenti sul sito sono protette da copyright.<\/p>\n\n\n\n<p>Tutti i diritti di riproduzione sono riservati, inclusi i documenti scaricabili e le rappresentazioni iconografiche e fotografiche.<\/p>\n\n\n\n<h3 class=\"wp-block-heading\"><strong>Link ipertestuali<\/strong><\/h3>\n\n\n\n<p>ISRP Formazione Continua pu\u00f2 offrire sul proprio sito link a siti di terzi. Questi link sono stabiliti in accordo con i siti coinvolti in un momento in cui ISRP Formazione Continua ha ritenuto opportuno farlo, considerando il contenuto e i servizi di tali siti. ISRP Formazione Continua non pu\u00f2 essere ritenuta responsabile del contenuto di questi siti n\u00e9 dell\u2019uso che gli utenti possono farne.<\/p>\n\n\n\n<p>L\u2019esistenza di un link dal nostro sito a un altro non costituisce una raccomandazione n\u00e9 una convalida di quel sito o del suo contenuto. \u00c8 responsabilit\u00e0 dell&#8217;utente utilizzare queste informazioni con discernimento e spirito critico.<\/p>\n\n\n\n<p>Questi siti partner sono indipendenti dal sito <a href=\"https:\/\/inscription-universite-ete.isrp.fr\/\">https:\/\/inscription-universite-ete.isrp.fr\/<\/a>. I link a tali siti non implicano alcuna approvazione, convalida o associazione di ISRP Formazione Continua con il contenuto di questi siti, n\u00e9 alcuna affiliazione con i loro proprietari, autori, sviluppatori, amministratori o host.<\/p>\n\n\n\n<p>Pertanto, ISRP Formazione Continua non pu\u00f2 essere ritenuta responsabile per il contenuto, i prodotti, i servizi, la pubblicit\u00e0, i cookie o qualsiasi altro elemento di questi siti, n\u00e9 per eventuali danni o perdite, reali o presunti, derivanti dall&#8217;uso delle informazioni, opinioni, servizi o dati disponibili su tali siti.<\/p>\n\n\n\n<h3 class=\"wp-block-heading\"><strong>Notifica<\/strong><\/h3>\n\n\n\n<p>Se trovate sul sito un&#8217;informazione errata, o un contenuto potenzialmente offensivo per la dignit\u00e0 umana, o in violazione di opere protette da diritto d&#8217;autore o marchi registrati, vi preghiamo di informarci scrivendo a: <a>webmaster@isrp.fr<\/a>.<\/p>\n\n\n\n<h3 class=\"wp-block-heading\"><strong>Creazione di link verso il nostro sito<\/strong><\/h3>\n\n\n\n<p>ISRP Formazione Continua autorizza la creazione di link ipertestuali verso il proprio sito, a condizione che:<\/p>\n\n\n\n<ul class=\"wp-block-list\">\n<li>La creazione del link sia richiesta tramite lettera postale o e-mail al reparto comunicazione di ISRP Formazione Continua;<\/li>\n\n\n\n<li>Non venga utilizzata la tecnica del &#8220;deep linking&#8221;, ovvero le pagine del sito non devono essere incorporate all&#8217;interno di un altro sito, ma devono essere accessibili aprendo una nuova finestra;<\/li>\n\n\n\n<li>La fonte sia menzionata, con un link ipertestuale che punti direttamente al contenuto di riferimento.<\/li>\n<\/ul>\n\n\n\n<p>Questa autorizzazione non si applica ai siti internet che diffondono contenuti polemici, pornografici, xenofobi o che possano, in modo pi\u00f9 ampio, offendere la sensibilit\u00e0 del pubblico.<\/p>\n\n\n\n<p>Le informazioni tratte da questo sito devono essere utilizzate esclusivamente per scopi personali; qualsiasi uso a fini commerciali, pubblicitari o di reputazione \u00e8 escluso e perseguibile legalmente. Per altri usi, vi preghiamo di contattarci.<\/p>\n","protected":false},"excerpt":{"rendered":"<p>Proprietario ed editore del sito ISRP Formazione Continua \u2013 ISRP (Istituto Superiore di Rieducazione Psicomotoria), la scuola di Psicomotricit\u00e0 a Parigi, Marsiglia, Vichy e Metz. SIRET: 784 710 352 00088Attivit\u00e0: Istruzione superiore 8542ZN. di Partita IVA intracomunitaria: FR44 784 710 352Sede legale: 25 Rue Ginoux, 75015 PARISTel: +33 (0)1 58 17 18 50E-mail: webmaster@isrp.fr Direttore &#8230; <a title=\"Avvisi legali\" class=\"read-more\" href=\"https:\/\/inscription-universite-ete.isrp.fr\/it\/avvisi-legali\/\" aria-label=\"Per saperne di pi\u00f9 su Avvisi legali\">Leggi tutto<\/a><\/p>\n","protected":false},"author":1,"featured_media":0,"parent":0,"menu_order":0,"comment_status":"closed","ping_status":"closed","template":"","meta":{"_acf_changed":false,"footnotes":""},"class_list":["post-622","page","type-page","status-publish"],"acf":[],"yoast_head":"<!-- This site is optimized with the Yoast SEO plugin v26.1.1 - https:\/\/yoast.com\/wordpress\/plugins\/seo\/ -->\n<title>Avvisi legali - Inscription universit\u00e9 \u00e9t\u00e9<\/title>\n<meta name=\"robots\" content=\"noindex, follow, max-snippet:-1, max-image-preview:large, max-video-preview:-1\" \/>\n<meta property=\"og:locale\" content=\"it_IT\" \/>\n<meta property=\"og:type\" content=\"article\" \/>\n<meta property=\"og:title\" content=\"Avvisi legali - Inscription universit\u00e9 \u00e9t\u00e9\" \/>\n<meta property=\"og:description\" content=\"Proprietario ed editore del sito ISRP Formazione Continua \u2013 ISRP (Istituto Superiore di Rieducazione Psicomotoria), la scuola di Psicomotricit\u00e0 a Parigi, Marsiglia, Vichy e Metz. SIRET: 784 710 352 00088Attivit\u00e0: Istruzione superiore 8542ZN. di Partita IVA intracomunitaria: FR44 784 710 352Sede legale: 25 Rue Ginoux, 75015 PARISTel: +33 (0)1 58 17 18 50E-mail: webmaster@isrp.fr Direttore ... Leggi tutto\" \/>\n<meta property=\"og:url\" content=\"https:\/\/inscription-universite-ete.isrp.fr\/it\/avvisi-legali\/\" \/>\n<meta property=\"og:site_name\" content=\"Inscription universit\u00e9 \u00e9t\u00e9\" \/>\n<meta property=\"article:modified_time\" content=\"2025-02-20T22:20:24+00:00\" \/>\n<meta name=\"twitter:card\" content=\"summary_large_image\" \/>\n<meta name=\"twitter:label1\" content=\"Tempo di lettura stimato\" \/>\n\t<meta name=\"twitter:data1\" content=\"4 minuti\" \/>\n<script type=\"application\/ld+json\" class=\"yoast-schema-graph\">{\"@context\":\"https:\/\/schema.org\",\"@graph\":[{\"@type\":\"WebPage\",\"@id\":\"https:\/\/inscription-universite-ete.isrp.fr\/it\/avvisi-legali\/\",\"url\":\"https:\/\/inscription-universite-ete.isrp.fr\/it\/avvisi-legali\/\",\"name\":\"Avvisi legali - Inscription universit\u00e9 \u00e9t\u00e9\",\"isPartOf\":{\"@id\":\"https:\/\/inscription-universite-ete.isrp.fr\/#website\"},\"datePublished\":\"2025-02-18T21:03:03+00:00\",\"dateModified\":\"2025-02-20T22:20:24+00:00\",\"breadcrumb\":{\"@id\":\"https:\/\/inscription-universite-ete.isrp.fr\/it\/avvisi-legali\/#breadcrumb\"},\"inLanguage\":\"it-IT\",\"potentialAction\":[{\"@type\":\"ReadAction\",\"target\":[\"https:\/\/inscription-universite-ete.isrp.fr\/it\/avvisi-legali\/\"]}]},{\"@type\":\"BreadcrumbList\",\"@id\":\"https:\/\/inscription-universite-ete.isrp.fr\/it\/avvisi-legali\/#breadcrumb\",\"itemListElement\":[{\"@type\":\"ListItem\",\"position\":1,\"name\":\"Accueil\",\"item\":\"https:\/\/inscription-universite-ete.isrp.fr\/it\/\"},{\"@type\":\"ListItem\",\"position\":2,\"name\":\"Avvisi legali\"}]},{\"@type\":\"WebSite\",\"@id\":\"https:\/\/inscription-universite-ete.isrp.fr\/#website\",\"url\":\"https:\/\/inscription-universite-ete.isrp.fr\/\",\"name\":\"Inscription universit\u00e9 \u00e9t\u00e9\",\"description\":\"\",\"publisher\":{\"@id\":\"https:\/\/inscription-universite-ete.isrp.fr\/#organization\"},\"potentialAction\":[{\"@type\":\"SearchAction\",\"target\":{\"@type\":\"EntryPoint\",\"urlTemplate\":\"https:\/\/inscription-universite-ete.isrp.fr\/?s={search_term_string}\"},\"query-input\":{\"@type\":\"PropertyValueSpecification\",\"valueRequired\":true,\"valueName\":\"search_term_string\"}}],\"inLanguage\":\"it-IT\"},{\"@type\":\"Organization\",\"@id\":\"https:\/\/inscription-universite-ete.isrp.fr\/#organization\",\"name\":\"ISRP\",\"url\":\"https:\/\/inscription-universite-ete.isrp.fr\/\",\"logo\":{\"@type\":\"ImageObject\",\"inLanguage\":\"it-IT\",\"@id\":\"https:\/\/inscription-universite-ete.isrp.fr\/#\/schema\/logo\/image\/\",\"url\":\"https:\/\/inscription-universite-ete.isrp.fr\/wp-content\/uploads\/2025\/01\/logo-dpc.png\",\"contentUrl\":\"https:\/\/inscription-universite-ete.isrp.fr\/wp-content\/uploads\/2025\/01\/logo-dpc.png\",\"width\":500,\"height\":248,\"caption\":\"ISRP\"},\"image\":{\"@id\":\"https:\/\/inscription-universite-ete.isrp.fr\/#\/schema\/logo\/image\/\"}}]}<\/script>\n<!-- \/ Yoast SEO plugin. -->","yoast_head_json":{"title":"Avvisi legali - Inscription universit\u00e9 \u00e9t\u00e9","robots":{"index":"noindex","follow":"follow","max-snippet":"max-snippet:-1","max-image-preview":"max-image-preview:large","max-video-preview":"max-video-preview:-1"},"og_locale":"it_IT","og_type":"article","og_title":"Avvisi legali - Inscription universit\u00e9 \u00e9t\u00e9","og_description":"Proprietario ed editore del sito ISRP Formazione Continua \u2013 ISRP (Istituto Superiore di Rieducazione Psicomotoria), la scuola di Psicomotricit\u00e0 a Parigi, Marsiglia, Vichy e Metz. SIRET: 784 710 352 00088Attivit\u00e0: Istruzione superiore 8542ZN. di Partita IVA intracomunitaria: FR44 784 710 352Sede legale: 25 Rue Ginoux, 75015 PARISTel: +33 (0)1 58 17 18 50E-mail: webmaster@isrp.fr Direttore ... Leggi tutto","og_url":"https:\/\/inscription-universite-ete.isrp.fr\/it\/avvisi-legali\/","og_site_name":"Inscription universit\u00e9 \u00e9t\u00e9","article_modified_time":"2025-02-20T22:20:24+00:00","twitter_card":"summary_large_image","twitter_misc":{"Tempo di lettura stimato":"4 minuti"},"schema":{"@context":"https:\/\/schema.org","@graph":[{"@type":"WebPage","@id":"https:\/\/inscription-universite-ete.isrp.fr\/it\/avvisi-legali\/","url":"https:\/\/inscription-universite-ete.isrp.fr\/it\/avvisi-legali\/","name":"Avvisi legali - Inscription universit\u00e9 \u00e9t\u00e9","isPartOf":{"@id":"https:\/\/inscription-universite-ete.isrp.fr\/#website"},"datePublished":"2025-02-18T21:03:03+00:00","dateModified":"2025-02-20T22:20:24+00:00","breadcrumb":{"@id":"https:\/\/inscription-universite-ete.isrp.fr\/it\/avvisi-legali\/#breadcrumb"},"inLanguage":"it-IT","potentialAction":[{"@type":"ReadAction","target":["https:\/\/inscription-universite-ete.isrp.fr\/it\/avvisi-legali\/"]}]},{"@type":"BreadcrumbList","@id":"https:\/\/inscription-universite-ete.isrp.fr\/it\/avvisi-legali\/#breadcrumb","itemListElement":[{"@type":"ListItem","position":1,"name":"Accueil","item":"https:\/\/inscription-universite-ete.isrp.fr\/it\/"},{"@type":"ListItem","position":2,"name":"Avvisi legali"}]},{"@type":"WebSite","@id":"https:\/\/inscription-universite-ete.isrp.fr\/#website","url":"https:\/\/inscription-universite-ete.isrp.fr\/","name":"Inscription universit\u00e9 \u00e9t\u00e9","description":"","publisher":{"@id":"https:\/\/inscription-universite-ete.isrp.fr\/#organization"},"potentialAction":[{"@type":"SearchAction","target":{"@type":"EntryPoint","urlTemplate":"https:\/\/inscription-universite-ete.isrp.fr\/?s={search_term_string}"},"query-input":{"@type":"PropertyValueSpecification","valueRequired":true,"valueName":"search_term_string"}}],"inLanguage":"it-IT"},{"@type":"Organization","@id":"https:\/\/inscription-universite-ete.isrp.fr\/#organization","name":"ISRP","url":"https:\/\/inscription-universite-ete.isrp.fr\/","logo":{"@type":"ImageObject","inLanguage":"it-IT","@id":"https:\/\/inscription-universite-ete.isrp.fr\/#\/schema\/logo\/image\/","url":"https:\/\/inscription-universite-ete.isrp.fr\/wp-content\/uploads\/2025\/01\/logo-dpc.png","contentUrl":"https:\/\/inscription-universite-ete.isrp.fr\/wp-content\/uploads\/2025\/01\/logo-dpc.png","width":500,"height":248,"caption":"ISRP"},"image":{"@id":"https:\/\/inscription-universite-ete.isrp.fr\/#\/schema\/logo\/image\/"}}]}},"_links":{"self":[{"href":"https:\/\/inscription-universite-ete.isrp.fr\/it\/wp-json\/wp\/v2\/pages\/622","targetHints":{"allow":["GET"]}}],"collection":[{"href":"https:\/\/inscription-universite-ete.isrp.fr\/it\/wp-json\/wp\/v2\/pages"}],"about":[{"href":"https:\/\/inscription-universite-ete.isrp.fr\/it\/wp-json\/wp\/v2\/types\/page"}],"author":[{"embeddable":true,"href":"https:\/\/inscription-universite-ete.isrp.fr\/it\/wp-json\/wp\/v2\/users\/1"}],"replies":[{"embeddable":true,"href":"https:\/\/inscription-universite-ete.isrp.fr\/it\/wp-json\/wp\/v2\/comments?post=622"}],"version-history":[{"count":1,"href":"https:\/\/inscription-universite-ete.isrp.fr\/it\/wp-json\/wp\/v2\/pages\/622\/revisions"}],"predecessor-version":[{"id":629,"href":"https:\/\/inscription-universite-ete.isrp.fr\/it\/wp-json\/wp\/v2\/pages\/622\/revisions\/629"}],"wp:attachment":[{"href":"https:\/\/inscription-universite-ete.isrp.fr\/it\/wp-json\/wp\/v2\/media?parent=622"}],"curies":[{"name":"wp","href":"https:\/\/api.w.org\/{rel}","templated":true}]}}