{"id":634,"date":"2025-02-20T14:54:11","date_gmt":"2025-02-20T13:54:11","guid":{"rendered":"https:\/\/inscription-universite-ete.isrp.fr\/condition-generales-de-vente\/"},"modified":"2025-02-20T23:41:12","modified_gmt":"2025-02-20T22:41:12","slug":"condiciones-generales-venta","status":"publish","type":"page","link":"https:\/\/inscription-universite-ete.isrp.fr\/es\/condiciones-generales-venta\/","title":{"rendered":"Condiciones generales de venta"},"content":{"rendered":"\n<p><strong>ISRP PAR\u00cdS \u2013 Formaci\u00f3n continua<\/strong><br><a href=\"https:\/\/inscription-universite-ete.isrp.fr\/\">https:\/\/inscription-universite-ete.isrp.fr\/<\/a><br><strong>Condiciones Generales de Venta<\/strong><\/p>\n\n\n\n<h3 class=\"wp-block-heading\"><strong>Art\u00edculo 1 \u2013 \u00c1mbito de aplicaci\u00f3n<\/strong><\/h3>\n\n\n\n<p>Las presentes condiciones generales de venta (las \u00abCondiciones\u00bb) son aplicables a las inscripciones realizadas por cualquier comprador (el \u00abCliente\u00bb) en la Universidad de Verano (\u00abla formaci\u00f3n\u00bb) presentada en el sitio web accesible en <a href=\"https:\/\/inscription-universite-ete.isrp.fr\/\">https:\/\/inscription-universite-ete.isrp.fr\/<\/a> (el \u00abSitio\u00bb). Junto con el contrato o el convenio de formaci\u00f3n, forman el contrato celebrado entre el Cliente y el Vendedor (el \u00abContrato\u00bb).<\/p>\n\n\n\n<p>El vendedor de las Formaciones es la sociedad ISRP (el \u00abVendedor\u00bb), con domicilio social en 25, rue Ginoux 75015 Par\u00eds y n\u00famero de existencia 11 750 146 575.<\/p>\n\n\n\n<p>Se recomienda al Cliente leer atentamente las Condiciones antes de realizar cualquier pedido. Al marcar la casilla \u00abHe le\u00eddo y acepto las condiciones generales de venta\u00bb en el momento de realizar la compra, el Cliente acepta la aplicaci\u00f3n de las Condiciones. El Vendedor se reserva el derecho de modificar las Condiciones en cualquier momento, sin previo aviso, publicando una nueva versi\u00f3n de las mismas en el Sitio. Estas modificaciones no ser\u00e1n aplicables a los pedidos realizados antes de la publicaci\u00f3n de las Condiciones modificadas en el Sitio.<\/p>\n\n\n\n<p>Al aceptar las Condiciones, el Cliente certifica ser mayor de edad o ser el representante legal del beneficiario de la formaci\u00f3n (\u00abel Aprendiz\u00bb) y tener la capacidad de celebrar un contrato con el Vendedor.<\/p>\n\n\n\n<h3 class=\"wp-block-heading\"><strong>Art\u00edculo 2 \u2013 Inscripciones<\/strong><\/h3>\n\n\n\n<h4 class=\"wp-block-heading\"><strong>Residentes en Francia<\/strong><\/h4>\n\n\n\n<p>Se aplica la normativa sobre formaci\u00f3n continua.<\/p>\n\n\n\n<p>El Cliente puede inscribirse en la Universidad de Verano \u00fanicamente en las fechas indicadas en el Sitio, siguiendo el siguiente proceso:<\/p>\n\n\n\n<ol class=\"wp-block-list\">\n<li>El Cliente debe completar el formulario de inscripci\u00f3n con una serie de datos, incluyendo su informaci\u00f3n personal (nombre, apellido, direcci\u00f3n de correo electr\u00f3nico, fecha de nacimiento, direcci\u00f3n y n\u00famero de tel\u00e9fono m\u00f3vil, n\u00b0 adeli\/rpps\u2026). El Cliente debe seguir los pasos de validaci\u00f3n de la inscripci\u00f3n.<\/li>\n\n\n\n<li>En caso de pago personal, el Cliente abona un anticipo del 30% en l\u00ednea al realizar su solicitud de inscripci\u00f3n. No se requiere anticipo en caso de financiaci\u00f3n por parte del empleador. El Cliente debe devolver un ejemplar del contrato de formaci\u00f3n firmado al Vendedor por correo electr\u00f3nico a <strong><a>formationcontinue@isrp.fr<\/a><\/strong>. Posteriormente, el Cliente recibe un correo electr\u00f3nico de confirmaci\u00f3n de inscripci\u00f3n que se compromete a conservar.<\/li>\n\n\n\n<li>El Vendedor env\u00eda por correo electr\u00f3nico al Cliente el contrato o convenio de formaci\u00f3n que contiene las condiciones generales de venta, incluyendo los medios pedag\u00f3gicos y t\u00e9cnicos, las condiciones financieras, el programa detallado, etc.<\/li>\n<\/ol>\n\n\n\n<h4 class=\"wp-block-heading\"><strong>Residentes fuera de Francia<\/strong><\/h4>\n\n\n\n<p>El Cliente puede inscribirse en la Universidad de Verano \u00fanicamente en las fechas indicadas en el Sitio, siguiendo el siguiente proceso:<\/p>\n\n\n\n<ol class=\"wp-block-list\">\n<li>El Cliente debe completar el formulario de inscripci\u00f3n con una serie de datos, incluyendo su informaci\u00f3n personal y la del participante en caso de financiaci\u00f3n externa (nombre, apellido, direcci\u00f3n de correo electr\u00f3nico, fecha de nacimiento, direcci\u00f3n y n\u00famero de tel\u00e9fono m\u00f3vil, pa\u00eds de residencia, pa\u00eds de obtenci\u00f3n del t\u00edtulo profesional, etc.). El Cliente debe seguir los pasos de validaci\u00f3n de la inscripci\u00f3n.<\/li>\n\n\n\n<li>El Cliente paga el coste total de su inscripci\u00f3n en l\u00ednea en el momento de su solicitud de inscripci\u00f3n. Posteriormente, recibe un correo electr\u00f3nico de confirmaci\u00f3n de inscripci\u00f3n que se compromete a conservar tras la recepci\u00f3n del pago por parte del Vendedor.<\/li>\n<\/ol>\n\n\n\n<p>El Vendedor se reserva el derecho de rechazar una inscripci\u00f3n por motivos leg\u00edtimos, en particular si no quedan plazas disponibles.<\/p>\n\n\n\n<h3 class=\"wp-block-heading\"><strong>Art\u00edculo 3 \u2013 Precio y pago<\/strong><\/h3>\n\n\n\n<p>El precio de la Formaci\u00f3n se indica en el Sitio y se confirma durante el proceso de compra. Todos los precios en el Sitio est\u00e1n indicados en Euros, con IVA incluido.<\/p>\n\n\n\n<p>Aunque el Vendedor se esfuerza por garantizar que todos los precios mostrados en el Sitio sean correctos, pueden producirse errores (por ejemplo, por razones t\u00e9cnicas como fallos de red, errores de transmisi\u00f3n, etc.). Si el Vendedor detecta un error en el precio de la Formaci\u00f3n, lo notificar\u00e1 al Cliente lo antes posible y le dar\u00e1 la opci\u00f3n de reconfirmar la inscripci\u00f3n al precio corregido o cancelarla.<\/p>\n\n\n\n<h4 class=\"wp-block-heading\"><strong>Residentes en Francia<\/strong><\/h4>\n\n\n\n<p>Se aplica la normativa sobre formaci\u00f3n continua.<\/p>\n\n\n\n<p><strong>Pago personal:<\/strong><\/p>\n\n\n\n<ul class=\"wp-block-list\">\n<li><strong>Primer pago:<\/strong> 30% del precio en el momento de la inscripci\u00f3n<\/li>\n\n\n\n<li><strong>Segundo pago:<\/strong> 70% del precio tras la recepci\u00f3n de la factura despu\u00e9s de la Universidad de Verano<\/li>\n<\/ul>\n\n\n\n<p><strong>Financiaci\u00f3n por el empleador:<\/strong><\/p>\n\n\n\n<ul class=\"wp-block-list\">\n<li>Pago a la recepci\u00f3n de la factura tras la Universidad de Verano<\/li>\n<\/ul>\n\n\n\n<p>El Cliente garantiza que la informaci\u00f3n de pago proporcionada es v\u00e1lida y correcta y que est\u00e1 autorizado a utilizar el m\u00e9todo de pago seleccionado.<\/p>\n\n\n\n<h4 class=\"wp-block-heading\"><strong>Residentes fuera de Francia<\/strong><\/h4>\n\n\n\n<ul class=\"wp-block-list\">\n<li>Pago en el momento de la inscripci\u00f3n mediante tarjeta bancaria<\/li>\n<\/ul>\n\n\n\n<h3 class=\"wp-block-heading\"><strong>Art\u00edculo 4 \u2013 Derecho de desistimiento<\/strong><\/h3>\n\n\n\n<p>De conformidad con los art\u00edculos L.221-18 y siguientes del C\u00f3digo del Consumidor, el Cliente dispone de un derecho de desistimiento en un plazo de 14 d\u00edas a partir de la fecha de celebraci\u00f3n del Contrato.<\/p>\n\n\n\n<p>Para ejercer este derecho, el Cliente deber\u00e1 informar al Vendedor de su decisi\u00f3n de desistir mediante una declaraci\u00f3n clara y por escrito, enviada por carta certificada con acuse de recibo o por correo electr\u00f3nico a <strong><a>formationcontinue@isrp.fr<\/a><\/strong>, a m\u00e1s tardar el 14.\u00ba d\u00eda a partir de la fecha de celebraci\u00f3n del Contrato. El Cliente podr\u00e1 utilizar el modelo de formulario de desistimiento adjunto en el Anexo 2, aunque su uso no es obligatorio.<\/p>\n\n\n\n<p>Si el precio de la Formaci\u00f3n ya ha sido abonado, el Vendedor se compromete a reembolsar al Cliente en un plazo m\u00e1ximo de 14 d\u00edas tras la recepci\u00f3n de la declaraci\u00f3n de desistimiento.<\/p>\n\n\n\n<h3 class=\"wp-block-heading\"><strong>Art\u00edculo 5 \u2013 Rescisi\u00f3n<\/strong><\/h3>\n\n\n\n<p>El Cliente puede rescindir el Contrato mediante carta certificada con acuse de recibo, con un preaviso de ocho d\u00edas, si, debido a un caso fortuito o fuerza mayor, se ve impedido de participar en la Universidad de Verano. En tal caso, la rescisi\u00f3n no dar\u00e1 derecho a ninguna indemnizaci\u00f3n.<\/p>\n\n\n\n<p>Para los residentes en Francia sujetos a la formaci\u00f3n continua, se deber\u00e1 consultar el contrato o convenio de formaci\u00f3n firmado.<\/p>\n\n\n\n<p>Cualquiera de las partes podr\u00e1 rescindir el Contrato mediante carta certificada con acuse de recibo en caso de incumplimiento de cualquiera de sus obligaciones por la otra parte, siempre que no se subsane dicho incumplimiento en un plazo de treinta (30) d\u00edas tras la notificaci\u00f3n formal.<\/p>\n\n\n\n<h3 class=\"wp-block-heading\"><strong>Art\u00edculo 6 \u2013 Propiedad intelectual<\/strong><\/h3>\n\n\n\n<p>El Vendedor es titular de todos los derechos de propiedad intelectual relacionados con los contenidos de la Universidad de Verano. Ninguno de estos derechos se cede al Cliente, quien se compromete a no reproducir, representar ni explotar de ninguna manera y bajo ninguna forma dichos contenidos.<\/p>\n\n\n\n<h3 class=\"wp-block-heading\"><strong>Art\u00edculo 7 \u2013 Tratamiento de datos personales<\/strong><\/h3>\n\n\n\n<p>El Vendedor, como responsable del tratamiento de datos, recopila los datos personales proporcionados voluntariamente por el Cliente en el Sitio al momento de la inscripci\u00f3n. Estos datos son necesarios para que el Vendedor pueda impartir la Formaci\u00f3n al Cliente (base legal: ejecuci\u00f3n de un contrato). Tambi\u00e9n pueden ser utilizados por el Vendedor para enviar comunicaciones comerciales al Cliente.<\/p>\n\n\n\n<p>Los destinatarios de estos datos son el Vendedor y los proveedores de servicios involucrados en la Formaci\u00f3n del Cliente. Asimismo, podr\u00e1n ser transmitidos a los organismos estatales competentes en cumplimiento de una obligaci\u00f3n legal.<\/p>\n\n\n\n<p>El Cliente tiene derecho de acceso, rectificaci\u00f3n, eliminaci\u00f3n, portabilidad de sus datos, as\u00ed como el derecho a no ser objeto de decisiones individuales automatizadas (incluido el perfilado) y el derecho a la limitaci\u00f3n del tratamiento. Estos derechos pueden ejercerse a trav\u00e9s del sitio web del Vendedor, dirigi\u00e9ndose al Delegado de Protecci\u00f3n de Datos en: <a href=\"https:\/\/inscription-universite-ete.isrp.fr\/protection-des-donnees-personnelles\/\">Protecci\u00f3n de Datos Personales<\/a>. Todas las solicitudes deber\u00e1n ser claras, precisas, acompa\u00f1adas de una copia de un documento de identidad y realizadas conforme al marco legal aplicable.<\/p>\n\n\n\n<p>La informaci\u00f3n sobre cookies est\u00e1 disponible en el Sitio, en la secci\u00f3n \u00abPol\u00edtica de Protecci\u00f3n de Datos Personales\u00bb.<\/p>\n\n\n\n<p>Los datos se conservar\u00e1n durante el tiempo necesario para la realizaci\u00f3n de la formaci\u00f3n, salvo aquellos datos cuya conservaci\u00f3n m\u00ednima sea exigida por una obligaci\u00f3n legal o reglamentaria, o por el vencimiento de un plazo de prescripci\u00f3n legal.<\/p>\n\n\n\n<p>Para presentar reclamaciones, el Cliente puede contactar con la CNIL en: <a href=\"https:\/\/www.cnil.fr\/fr\/plaintes\">www.cnil.fr\/fr\/plaintes<\/a>.<\/p>\n\n\n\n<h3 class=\"wp-block-heading\"><strong>Art\u00edculo 8 \u2013 Ley aplicable \/ Resoluci\u00f3n de litigios<\/strong><\/h3>\n\n\n\n<p>Las Condiciones se rigen por la legislaci\u00f3n francesa, sin perjuicio de la aplicaci\u00f3n de las normas nacionales imperativas del pa\u00eds de residencia habitual del Cliente.<\/p>\n\n\n\n<p>Para cualquier litigio relativo a la validez y\/o ejecuci\u00f3n de las Condiciones, as\u00ed como cualquier disputa relacionada con la inscripci\u00f3n en una Formaci\u00f3n en el Sitio, el Cliente podr\u00e1 recurrir a uno de los tribunales territorialmente competentes en virtud del C\u00f3digo de Procedimiento Civil, al tribunal de su lugar de residencia en el momento de la celebraci\u00f3n del contrato o al tribunal del lugar donde ocurri\u00f3 el hecho causante del litigio.<\/p>\n\n\n\n<p>El Cliente es informado de que tambi\u00e9n puede recurrir gratuitamente a un mediador de consumo, en las condiciones establecidas en los art\u00edculos L.616-1 y siguientes del C\u00f3digo del Consumidor.<\/p>\n\n\n\n<p>El Cliente tambi\u00e9n podr\u00e1 acceder a la plataforma de resoluci\u00f3n de litigios en l\u00ednea establecida por la Comisi\u00f3n Europea en la siguiente direcci\u00f3n: <a href=\"https:\/\/webgate.ec.europa.eu\/odr\/\">Plataforma de Resoluci\u00f3n de Litigios de la UE<\/a>.<\/p>\n\n\n\n<hr class=\"wp-block-separator has-alpha-channel-opacity\"\/>\n\n\n\n<h3 class=\"wp-block-heading\"><strong>ANEXO \u2013 MODELO DE FORMULARIO DE DESISTIMIENTO<\/strong><\/h3>\n\n\n\n<p>(Rellene y env\u00ede este formulario por correo \u00fanicamente si desea ejercer su derecho de desistimiento)<\/p>\n\n\n\n<p><strong>Destinatario:<\/strong><\/p>\n\n\n\n<p>Direcci\u00f3n postal:<\/p>\n\n\n\n<p>Correo electr\u00f3nico:<\/p>\n\n\n\n<p>Tel\u00e9fono:<\/p>\n\n\n\n<p>Por la presente, notifico mi desistimiento del contrato relativo a la prestaci\u00f3n de servicio siguiente:<\/p>\n\n\n\n<p><strong>Fecha del pedido:<\/strong><\/p>\n\n\n\n<p><strong>Nombre del consumidor:<\/strong><\/p>\n\n\n\n<p><strong>Direcci\u00f3n del consumidor:<\/strong><\/p>\n\n\n\n<p><strong>Fecha:<\/strong><\/p>\n\n\n\n<p><strong>Firma del consumidor<\/strong> (solo en caso de notificaci\u00f3n en papel):<\/p>\n","protected":false},"excerpt":{"rendered":"<p>ISRP PAR\u00cdS \u2013 Formaci\u00f3n continuahttps:\/\/inscription-universite-ete.isrp.fr\/Condiciones Generales de Venta Art\u00edculo 1 \u2013 \u00c1mbito de aplicaci\u00f3n Las presentes condiciones generales de venta (las \u00abCondiciones\u00bb) son aplicables a las inscripciones realizadas por cualquier comprador (el \u00abCliente\u00bb) en la Universidad de Verano (\u00abla formaci\u00f3n\u00bb) presentada en el sitio web accesible en https:\/\/inscription-universite-ete.isrp.fr\/ (el \u00abSitio\u00bb). Junto con el contrato o &#8230; <a title=\"Condiciones generales de venta\" class=\"read-more\" href=\"https:\/\/inscription-universite-ete.isrp.fr\/es\/condiciones-generales-venta\/\" aria-label=\"Leer m\u00e1s sobre Condiciones generales de venta\">Leer m\u00e1s<\/a><\/p>\n","protected":false},"author":1,"featured_media":0,"parent":0,"menu_order":0,"comment_status":"closed","ping_status":"closed","template":"","meta":{"_acf_changed":false,"footnotes":""},"class_list":["post-634","page","type-page","status-publish"],"acf":[],"yoast_head":"<!-- This site is optimized with the Yoast SEO plugin v26.1.1 - https:\/\/yoast.com\/wordpress\/plugins\/seo\/ -->\n<title>Condiciones generales de venta - Inscription universit\u00e9 \u00e9t\u00e9<\/title>\n<meta name=\"robots\" content=\"noindex, follow, max-snippet:-1, max-image-preview:large, max-video-preview:-1\" \/>\n<meta property=\"og:locale\" content=\"es_ES\" \/>\n<meta property=\"og:type\" content=\"article\" \/>\n<meta property=\"og:title\" content=\"Condiciones generales de venta - Inscription universit\u00e9 \u00e9t\u00e9\" \/>\n<meta property=\"og:description\" content=\"ISRP PAR\u00cdS \u2013 Formaci\u00f3n continuahttps:\/\/inscription-universite-ete.isrp.fr\/Condiciones Generales de Venta Art\u00edculo 1 \u2013 \u00c1mbito de aplicaci\u00f3n Las presentes condiciones generales de venta (las \u00abCondiciones\u00bb) son aplicables a las inscripciones realizadas por cualquier comprador (el \u00abCliente\u00bb) en la Universidad de Verano (\u00abla formaci\u00f3n\u00bb) presentada en el sitio web accesible en https:\/\/inscription-universite-ete.isrp.fr\/ (el \u00abSitio\u00bb). Junto con el contrato o ... Leer m\u00e1s\" \/>\n<meta property=\"og:url\" content=\"https:\/\/inscription-universite-ete.isrp.fr\/es\/condiciones-generales-venta\/\" \/>\n<meta property=\"og:site_name\" content=\"Inscription universit\u00e9 \u00e9t\u00e9\" \/>\n<meta property=\"article:modified_time\" content=\"2025-02-20T22:41:12+00:00\" \/>\n<meta name=\"twitter:card\" content=\"summary_large_image\" \/>\n<meta name=\"twitter:label1\" content=\"Tiempo de lectura\" \/>\n\t<meta name=\"twitter:data1\" content=\"8 minutos\" \/>\n<script type=\"application\/ld+json\" class=\"yoast-schema-graph\">{\"@context\":\"https:\/\/schema.org\",\"@graph\":[{\"@type\":\"WebPage\",\"@id\":\"https:\/\/inscription-universite-ete.isrp.fr\/es\/condiciones-generales-venta\/\",\"url\":\"https:\/\/inscription-universite-ete.isrp.fr\/es\/condiciones-generales-venta\/\",\"name\":\"Condiciones generales de venta - Inscription universit\u00e9 \u00e9t\u00e9\",\"isPartOf\":{\"@id\":\"https:\/\/inscription-universite-ete.isrp.fr\/#website\"},\"datePublished\":\"2025-02-20T13:54:11+00:00\",\"dateModified\":\"2025-02-20T22:41:12+00:00\",\"breadcrumb\":{\"@id\":\"https:\/\/inscription-universite-ete.isrp.fr\/es\/condiciones-generales-venta\/#breadcrumb\"},\"inLanguage\":\"es\",\"potentialAction\":[{\"@type\":\"ReadAction\",\"target\":[\"https:\/\/inscription-universite-ete.isrp.fr\/es\/condiciones-generales-venta\/\"]}]},{\"@type\":\"BreadcrumbList\",\"@id\":\"https:\/\/inscription-universite-ete.isrp.fr\/es\/condiciones-generales-venta\/#breadcrumb\",\"itemListElement\":[{\"@type\":\"ListItem\",\"position\":1,\"name\":\"Accueil\",\"item\":\"https:\/\/inscription-universite-ete.isrp.fr\/es\/\"},{\"@type\":\"ListItem\",\"position\":2,\"name\":\"Condiciones generales de venta\"}]},{\"@type\":\"WebSite\",\"@id\":\"https:\/\/inscription-universite-ete.isrp.fr\/#website\",\"url\":\"https:\/\/inscription-universite-ete.isrp.fr\/\",\"name\":\"Inscription universit\u00e9 \u00e9t\u00e9\",\"description\":\"\",\"publisher\":{\"@id\":\"https:\/\/inscription-universite-ete.isrp.fr\/#organization\"},\"potentialAction\":[{\"@type\":\"SearchAction\",\"target\":{\"@type\":\"EntryPoint\",\"urlTemplate\":\"https:\/\/inscription-universite-ete.isrp.fr\/?s={search_term_string}\"},\"query-input\":{\"@type\":\"PropertyValueSpecification\",\"valueRequired\":true,\"valueName\":\"search_term_string\"}}],\"inLanguage\":\"es\"},{\"@type\":\"Organization\",\"@id\":\"https:\/\/inscription-universite-ete.isrp.fr\/#organization\",\"name\":\"ISRP\",\"url\":\"https:\/\/inscription-universite-ete.isrp.fr\/\",\"logo\":{\"@type\":\"ImageObject\",\"inLanguage\":\"es\",\"@id\":\"https:\/\/inscription-universite-ete.isrp.fr\/#\/schema\/logo\/image\/\",\"url\":\"https:\/\/inscription-universite-ete.isrp.fr\/wp-content\/uploads\/2025\/01\/logo-dpc.png\",\"contentUrl\":\"https:\/\/inscription-universite-ete.isrp.fr\/wp-content\/uploads\/2025\/01\/logo-dpc.png\",\"width\":500,\"height\":248,\"caption\":\"ISRP\"},\"image\":{\"@id\":\"https:\/\/inscription-universite-ete.isrp.fr\/#\/schema\/logo\/image\/\"}}]}<\/script>\n<!-- \/ Yoast SEO plugin. -->","yoast_head_json":{"title":"Condiciones generales de venta - Inscription universit\u00e9 \u00e9t\u00e9","robots":{"index":"noindex","follow":"follow","max-snippet":"max-snippet:-1","max-image-preview":"max-image-preview:large","max-video-preview":"max-video-preview:-1"},"og_locale":"es_ES","og_type":"article","og_title":"Condiciones generales de venta - Inscription universit\u00e9 \u00e9t\u00e9","og_description":"ISRP PAR\u00cdS \u2013 Formaci\u00f3n continuahttps:\/\/inscription-universite-ete.isrp.fr\/Condiciones Generales de Venta Art\u00edculo 1 \u2013 \u00c1mbito de aplicaci\u00f3n Las presentes condiciones generales de venta (las \u00abCondiciones\u00bb) son aplicables a las inscripciones realizadas por cualquier comprador (el \u00abCliente\u00bb) en la Universidad de Verano (\u00abla formaci\u00f3n\u00bb) presentada en el sitio web accesible en https:\/\/inscription-universite-ete.isrp.fr\/ (el \u00abSitio\u00bb). Junto con el contrato o ... Leer m\u00e1s","og_url":"https:\/\/inscription-universite-ete.isrp.fr\/es\/condiciones-generales-venta\/","og_site_name":"Inscription universit\u00e9 \u00e9t\u00e9","article_modified_time":"2025-02-20T22:41:12+00:00","twitter_card":"summary_large_image","twitter_misc":{"Tiempo de lectura":"8 minutos"},"schema":{"@context":"https:\/\/schema.org","@graph":[{"@type":"WebPage","@id":"https:\/\/inscription-universite-ete.isrp.fr\/es\/condiciones-generales-venta\/","url":"https:\/\/inscription-universite-ete.isrp.fr\/es\/condiciones-generales-venta\/","name":"Condiciones generales de venta - Inscription universit\u00e9 \u00e9t\u00e9","isPartOf":{"@id":"https:\/\/inscription-universite-ete.isrp.fr\/#website"},"datePublished":"2025-02-20T13:54:11+00:00","dateModified":"2025-02-20T22:41:12+00:00","breadcrumb":{"@id":"https:\/\/inscription-universite-ete.isrp.fr\/es\/condiciones-generales-venta\/#breadcrumb"},"inLanguage":"es","potentialAction":[{"@type":"ReadAction","target":["https:\/\/inscription-universite-ete.isrp.fr\/es\/condiciones-generales-venta\/"]}]},{"@type":"BreadcrumbList","@id":"https:\/\/inscription-universite-ete.isrp.fr\/es\/condiciones-generales-venta\/#breadcrumb","itemListElement":[{"@type":"ListItem","position":1,"name":"Accueil","item":"https:\/\/inscription-universite-ete.isrp.fr\/es\/"},{"@type":"ListItem","position":2,"name":"Condiciones generales de venta"}]},{"@type":"WebSite","@id":"https:\/\/inscription-universite-ete.isrp.fr\/#website","url":"https:\/\/inscription-universite-ete.isrp.fr\/","name":"Inscription universit\u00e9 \u00e9t\u00e9","description":"","publisher":{"@id":"https:\/\/inscription-universite-ete.isrp.fr\/#organization"},"potentialAction":[{"@type":"SearchAction","target":{"@type":"EntryPoint","urlTemplate":"https:\/\/inscription-universite-ete.isrp.fr\/?s={search_term_string}"},"query-input":{"@type":"PropertyValueSpecification","valueRequired":true,"valueName":"search_term_string"}}],"inLanguage":"es"},{"@type":"Organization","@id":"https:\/\/inscription-universite-ete.isrp.fr\/#organization","name":"ISRP","url":"https:\/\/inscription-universite-ete.isrp.fr\/","logo":{"@type":"ImageObject","inLanguage":"es","@id":"https:\/\/inscription-universite-ete.isrp.fr\/#\/schema\/logo\/image\/","url":"https:\/\/inscription-universite-ete.isrp.fr\/wp-content\/uploads\/2025\/01\/logo-dpc.png","contentUrl":"https:\/\/inscription-universite-ete.isrp.fr\/wp-content\/uploads\/2025\/01\/logo-dpc.png","width":500,"height":248,"caption":"ISRP"},"image":{"@id":"https:\/\/inscription-universite-ete.isrp.fr\/#\/schema\/logo\/image\/"}}]}},"_links":{"self":[{"href":"https:\/\/inscription-universite-ete.isrp.fr\/es\/wp-json\/wp\/v2\/pages\/634","targetHints":{"allow":["GET"]}}],"collection":[{"href":"https:\/\/inscription-universite-ete.isrp.fr\/es\/wp-json\/wp\/v2\/pages"}],"about":[{"href":"https:\/\/inscription-universite-ete.isrp.fr\/es\/wp-json\/wp\/v2\/types\/page"}],"author":[{"embeddable":true,"href":"https:\/\/inscription-universite-ete.isrp.fr\/es\/wp-json\/wp\/v2\/users\/1"}],"replies":[{"embeddable":true,"href":"https:\/\/inscription-universite-ete.isrp.fr\/es\/wp-json\/wp\/v2\/comments?post=634"}],"version-history":[{"count":1,"href":"https:\/\/inscription-universite-ete.isrp.fr\/es\/wp-json\/wp\/v2\/pages\/634\/revisions"}],"predecessor-version":[{"id":643,"href":"https:\/\/inscription-universite-ete.isrp.fr\/es\/wp-json\/wp\/v2\/pages\/634\/revisions\/643"}],"wp:attachment":[{"href":"https:\/\/inscription-universite-ete.isrp.fr\/es\/wp-json\/wp\/v2\/media?parent=634"}],"curies":[{"name":"wp","href":"https:\/\/api.w.org\/{rel}","templated":true}]}}