{"id":624,"date":"2025-02-18T22:03:03","date_gmt":"2025-02-18T21:03:03","guid":{"rendered":"https:\/\/inscription-universite-ete.isrp.fr\/mentions-legales\/"},"modified":"2025-02-20T23:21:56","modified_gmt":"2025-02-20T22:21:56","slug":"avisos-legales","status":"publish","type":"page","link":"https:\/\/inscription-universite-ete.isrp.fr\/es\/avisos-legales\/","title":{"rendered":"Avisos legales"},"content":{"rendered":"\n<h3 class=\"wp-block-heading\"><strong>Propietario y editor del sitio<\/strong><\/h3>\n\n\n\n<p>ISRP Formaci\u00f3n Continua \u2013 ISRP (Instituto Superior de Reeducaci\u00f3n Psicomotriz), la escuela de Psicomotricidad en Par\u00eds, Marsella, Vichy y Metz.<\/p>\n\n\n\n<p>SIRET: 784 710 352 00088<br>Actividad: Ense\u00f1anza superior 8542Z<br>N.\u00ba de IVA intracomunitario: FR44 784 710 352<br>Sede social: 25 Rue Ginoux, 75015 PARIS<br>Tel: +33 (0)1 58 17 18 50<br>Correo electr\u00f3nico: <a>webmaster@isrp.fr<\/a><\/p>\n\n\n\n<p><strong>Director de la publicaci\u00f3n:<\/strong> Franck Lemonnier<\/p>\n\n\n\n<h3 class=\"wp-block-heading\"><strong>Creaci\u00f3n y alojamiento<\/strong><\/h3>\n\n\n\n<p><strong>Creaci\u00f3n y desarrollo<\/strong><\/p>\n\n\n\n<p>El desarrollo del sitio web es gestionado internamente (<a>webmaster@isrp.fr<\/a>)<\/p>\n\n\n\n<p><strong>Alojamiento<\/strong><\/p>\n\n\n\n<p>Aqua Ray SAS<br>SIREN: RCS Cr\u00e9teil 447 997 099<br>14 rue Jules Vanzuppe<br>94200 Ivry-sur-Seine<br>Tel: 01 84 04 04 05<\/p>\n\n\n\n<h3 class=\"wp-block-heading\"><strong>Pol\u00edtica de datos personales<\/strong><\/h3>\n\n\n\n<p>Para conocer nuestra pol\u00edtica de protecci\u00f3n de datos personales, haz clic aqu\u00ed.<\/p>\n\n\n\n<h3 class=\"wp-block-heading\"><strong>Derechos de autor (Copyright)<\/strong><\/h3>\n\n\n\n<p>El sitio web <a href=\"https:\/\/inscription-universite-ete.isrp.fr\/\">https:\/\/inscription-universite-ete.isrp.fr\/<\/a> est\u00e1 sujeto a la legislaci\u00f3n francesa y, como tal, est\u00e1 protegido por las disposiciones del C\u00f3digo de Propiedad Intelectual, en particular aquellas relacionadas con la propiedad literaria y art\u00edstica, los derechos de autor y la protecci\u00f3n de bases de datos. Estos derechos son propiedad exclusiva de ISRP Formaci\u00f3n Continua.<\/p>\n\n\n\n<p>Recordamos que el C\u00f3digo de Propiedad Intelectual autoriza, seg\u00fan el art\u00edculo L.122-5, \u00fanicamente copias o reproducciones estrictamente reservadas para el uso privado del copista y no destinadas a un uso colectivo, as\u00ed como an\u00e1lisis y citas breves con fines de ejemplo e ilustraci\u00f3n.<\/p>\n\n\n\n<p>Asimismo, el art\u00edculo L.342-3 del C\u00f3digo de Propiedad Intelectual solo autoriza la extracci\u00f3n o reutilizaci\u00f3n de una parte no sustancial del contenido de una base de datos puesta a disposici\u00f3n del p\u00fablico por su titular. En consecuencia, cualquier representaci\u00f3n o reproducci\u00f3n no autorizada del sitio <a href=\"https:\/\/inscription-universite-ete.isrp.fr\/\">https:\/\/inscription-universite-ete.isrp.fr\/<\/a> por cualquier medio est\u00e1 estrictamente prohibida y sujeta a acciones legales.<\/p>\n\n\n\n<p>El infractor se expone a sanciones civiles y penales, incluidas las penas previstas en los art\u00edculos L.335-2 y L.343-1 del C\u00f3digo de Propiedad Intelectual.<\/p>\n\n\n\n<p>Cualquier uso de los nombres de marca y logotipos de este sitio, incluidos, entre otros, ISRP Formaci\u00f3n Continua y los nombres comerciales de los socios de ISRP Formaci\u00f3n Continua, est\u00e1 prohibido sin la autorizaci\u00f3n de los titulares de los derechos.<\/p>\n\n\n\n<p>Todas las fotograf\u00edas del sitio est\u00e1n protegidas por derechos de autor.<\/p>\n\n\n\n<p>Todos los derechos de reproducci\u00f3n est\u00e1n reservados, incluidos los documentos descargables y las representaciones iconogr\u00e1ficas y fotogr\u00e1ficas.<\/p>\n\n\n\n<h3 class=\"wp-block-heading\"><strong>Enlaces de hipertexto<\/strong><\/h3>\n\n\n\n<p>ISRP Formaci\u00f3n Continua puede ofrecer en su sitio enlaces a sitios de terceros. Estos enlaces se establecen en acuerdo con los sitios en cuesti\u00f3n en un momento en que ISRP Formaci\u00f3n Continua consider\u00f3 oportuno hacerlo, teniendo en cuenta el contenido y los servicios de estos sitios. ISRP Formaci\u00f3n Continua no puede ser considerada responsable del contenido de estos sitios ni del uso que los usuarios puedan hacer de ellos.<\/p>\n\n\n\n<p>La existencia de un enlace desde nuestro sitio hacia otro no constituye una recomendaci\u00f3n ni una validaci\u00f3n de dicho sitio o de su contenido. Es responsabilidad del usuario utilizar esta informaci\u00f3n con discernimiento y sentido cr\u00edtico.<\/p>\n\n\n\n<p>Estos sitios asociados son independientes del sitio <a href=\"https:\/\/inscription-universite-ete.isrp.fr\/\">https:\/\/inscription-universite-ete.isrp.fr\/<\/a>. Los enlaces a estos sitios no implican en ning\u00fan caso una aprobaci\u00f3n, validaci\u00f3n o adhesi\u00f3n de ISRP Formaci\u00f3n Continua al contenido de estos sitios ni una asociaci\u00f3n de ISRP Formaci\u00f3n Continua con sus propietarios, autores, dise\u00f1adores, administradores o alojadores.<\/p>\n\n\n\n<p>Por lo tanto, ISRP Formaci\u00f3n Continua no puede ser considerada responsable del contenido, productos, servicios, publicidad, cookies u otros elementos de estos sitios, ni de cualquier da\u00f1o o p\u00e9rdida, real o alegada, resultante del uso de la informaci\u00f3n, opiniones, servicios o datos disponibles en estos sitios.<\/p>\n\n\n\n<h3 class=\"wp-block-heading\"><strong>Notificaci\u00f3n<\/strong><\/h3>\n\n\n\n<p>Si encuentra en el sitio informaci\u00f3n err\u00f3nea o contenido que atente contra la dignidad humana o que viole derechos de autor o marcas registradas, le agradecer\u00edamos que nos lo notificara escribiendo a: <a>webmaster@isrp.fr<\/a>.<\/p>\n\n\n\n<h3 class=\"wp-block-heading\"><strong>Creaci\u00f3n de enlaces hacia nuestro sitio<\/strong><\/h3>\n\n\n\n<p>ISRP Formaci\u00f3n Continua autoriza la creaci\u00f3n de enlaces de hipertexto que dirijan hacia el contenido de su sitio, con las siguientes condiciones:<\/p>\n\n\n\n<ul class=\"wp-block-list\">\n<li>La creaci\u00f3n del enlace debe solicitarse por correo postal o correo electr\u00f3nico al departamento de comunicaci\u00f3n de ISRP Formaci\u00f3n Continua;<\/li>\n\n\n\n<li>No se debe utilizar la t\u00e9cnica de \u00abdeep linking\u00bb, es decir, las p\u00e1ginas del sitio no deben estar incrustadas dentro de las p\u00e1ginas de otro sitio, sino ser accesibles abriendo una nueva ventana;<\/li>\n\n\n\n<li>Se debe mencionar la fuente con un enlace de hipertexto que dirija directamente al contenido en cuesti\u00f3n.<\/li>\n<\/ul>\n\n\n\n<p>Esta autorizaci\u00f3n no se aplica a sitios web que difundan informaci\u00f3n pol\u00e9mica, pornogr\u00e1fica, xen\u00f3foba o que puedan, en un sentido m\u00e1s amplio, afectar la sensibilidad del p\u00fablico.<\/p>\n\n\n\n<p>La informaci\u00f3n utilizada de este sitio solo debe ser empleada con fines personales; cualquier uso con fines comerciales, publicitarios o de notoriedad est\u00e1 prohibido y sujeto a acciones legales. Para otros usos, por favor, cons\u00faltenos.<\/p>\n","protected":false},"excerpt":{"rendered":"<p>Propietario y editor del sitio ISRP Formaci\u00f3n Continua \u2013 ISRP (Instituto Superior de Reeducaci\u00f3n Psicomotriz), la escuela de Psicomotricidad en Par\u00eds, Marsella, Vichy y Metz. SIRET: 784 710 352 00088Actividad: Ense\u00f1anza superior 8542ZN.\u00ba de IVA intracomunitario: FR44 784 710 352Sede social: 25 Rue Ginoux, 75015 PARISTel: +33 (0)1 58 17 18 50Correo electr\u00f3nico: webmaster@isrp.fr Director &#8230; <a title=\"Avisos legales\" class=\"read-more\" href=\"https:\/\/inscription-universite-ete.isrp.fr\/es\/avisos-legales\/\" aria-label=\"Leer m\u00e1s sobre Avisos legales\">Leer m\u00e1s<\/a><\/p>\n","protected":false},"author":1,"featured_media":0,"parent":0,"menu_order":0,"comment_status":"closed","ping_status":"closed","template":"","meta":{"_acf_changed":false,"footnotes":""},"class_list":["post-624","page","type-page","status-publish"],"acf":[],"yoast_head":"<!-- This site is optimized with the Yoast SEO plugin v26.1.1 - https:\/\/yoast.com\/wordpress\/plugins\/seo\/ -->\n<title>Avisos legales - Inscription universit\u00e9 \u00e9t\u00e9<\/title>\n<meta name=\"robots\" content=\"noindex, follow, max-snippet:-1, max-image-preview:large, max-video-preview:-1\" \/>\n<meta property=\"og:locale\" content=\"es_ES\" \/>\n<meta property=\"og:type\" content=\"article\" \/>\n<meta property=\"og:title\" content=\"Avisos legales - Inscription universit\u00e9 \u00e9t\u00e9\" \/>\n<meta property=\"og:description\" content=\"Propietario y editor del sitio ISRP Formaci\u00f3n Continua \u2013 ISRP (Instituto Superior de Reeducaci\u00f3n Psicomotriz), la escuela de Psicomotricidad en Par\u00eds, Marsella, Vichy y Metz. SIRET: 784 710 352 00088Actividad: Ense\u00f1anza superior 8542ZN.\u00ba de IVA intracomunitario: FR44 784 710 352Sede social: 25 Rue Ginoux, 75015 PARISTel: +33 (0)1 58 17 18 50Correo electr\u00f3nico: webmaster@isrp.fr Director ... Leer m\u00e1s\" \/>\n<meta property=\"og:url\" content=\"https:\/\/inscription-universite-ete.isrp.fr\/es\/avisos-legales\/\" \/>\n<meta property=\"og:site_name\" content=\"Inscription universit\u00e9 \u00e9t\u00e9\" \/>\n<meta property=\"article:modified_time\" content=\"2025-02-20T22:21:56+00:00\" \/>\n<meta name=\"twitter:card\" content=\"summary_large_image\" \/>\n<meta name=\"twitter:label1\" content=\"Tiempo de lectura\" \/>\n\t<meta name=\"twitter:data1\" content=\"4 minutos\" \/>\n<script type=\"application\/ld+json\" class=\"yoast-schema-graph\">{\"@context\":\"https:\/\/schema.org\",\"@graph\":[{\"@type\":\"WebPage\",\"@id\":\"https:\/\/inscription-universite-ete.isrp.fr\/es\/avisos-legales\/\",\"url\":\"https:\/\/inscription-universite-ete.isrp.fr\/es\/avisos-legales\/\",\"name\":\"Avisos legales - Inscription universit\u00e9 \u00e9t\u00e9\",\"isPartOf\":{\"@id\":\"https:\/\/inscription-universite-ete.isrp.fr\/#website\"},\"datePublished\":\"2025-02-18T21:03:03+00:00\",\"dateModified\":\"2025-02-20T22:21:56+00:00\",\"breadcrumb\":{\"@id\":\"https:\/\/inscription-universite-ete.isrp.fr\/es\/avisos-legales\/#breadcrumb\"},\"inLanguage\":\"es\",\"potentialAction\":[{\"@type\":\"ReadAction\",\"target\":[\"https:\/\/inscription-universite-ete.isrp.fr\/es\/avisos-legales\/\"]}]},{\"@type\":\"BreadcrumbList\",\"@id\":\"https:\/\/inscription-universite-ete.isrp.fr\/es\/avisos-legales\/#breadcrumb\",\"itemListElement\":[{\"@type\":\"ListItem\",\"position\":1,\"name\":\"Accueil\",\"item\":\"https:\/\/inscription-universite-ete.isrp.fr\/es\/\"},{\"@type\":\"ListItem\",\"position\":2,\"name\":\"Avisos legales\"}]},{\"@type\":\"WebSite\",\"@id\":\"https:\/\/inscription-universite-ete.isrp.fr\/#website\",\"url\":\"https:\/\/inscription-universite-ete.isrp.fr\/\",\"name\":\"Inscription universit\u00e9 \u00e9t\u00e9\",\"description\":\"\",\"publisher\":{\"@id\":\"https:\/\/inscription-universite-ete.isrp.fr\/#organization\"},\"potentialAction\":[{\"@type\":\"SearchAction\",\"target\":{\"@type\":\"EntryPoint\",\"urlTemplate\":\"https:\/\/inscription-universite-ete.isrp.fr\/?s={search_term_string}\"},\"query-input\":{\"@type\":\"PropertyValueSpecification\",\"valueRequired\":true,\"valueName\":\"search_term_string\"}}],\"inLanguage\":\"es\"},{\"@type\":\"Organization\",\"@id\":\"https:\/\/inscription-universite-ete.isrp.fr\/#organization\",\"name\":\"ISRP\",\"url\":\"https:\/\/inscription-universite-ete.isrp.fr\/\",\"logo\":{\"@type\":\"ImageObject\",\"inLanguage\":\"es\",\"@id\":\"https:\/\/inscription-universite-ete.isrp.fr\/#\/schema\/logo\/image\/\",\"url\":\"https:\/\/inscription-universite-ete.isrp.fr\/wp-content\/uploads\/2025\/01\/logo-dpc.png\",\"contentUrl\":\"https:\/\/inscription-universite-ete.isrp.fr\/wp-content\/uploads\/2025\/01\/logo-dpc.png\",\"width\":500,\"height\":248,\"caption\":\"ISRP\"},\"image\":{\"@id\":\"https:\/\/inscription-universite-ete.isrp.fr\/#\/schema\/logo\/image\/\"}}]}<\/script>\n<!-- \/ Yoast SEO plugin. -->","yoast_head_json":{"title":"Avisos legales - Inscription universit\u00e9 \u00e9t\u00e9","robots":{"index":"noindex","follow":"follow","max-snippet":"max-snippet:-1","max-image-preview":"max-image-preview:large","max-video-preview":"max-video-preview:-1"},"og_locale":"es_ES","og_type":"article","og_title":"Avisos legales - Inscription universit\u00e9 \u00e9t\u00e9","og_description":"Propietario y editor del sitio ISRP Formaci\u00f3n Continua \u2013 ISRP (Instituto Superior de Reeducaci\u00f3n Psicomotriz), la escuela de Psicomotricidad en Par\u00eds, Marsella, Vichy y Metz. SIRET: 784 710 352 00088Actividad: Ense\u00f1anza superior 8542ZN.\u00ba de IVA intracomunitario: FR44 784 710 352Sede social: 25 Rue Ginoux, 75015 PARISTel: +33 (0)1 58 17 18 50Correo electr\u00f3nico: webmaster@isrp.fr Director ... Leer m\u00e1s","og_url":"https:\/\/inscription-universite-ete.isrp.fr\/es\/avisos-legales\/","og_site_name":"Inscription universit\u00e9 \u00e9t\u00e9","article_modified_time":"2025-02-20T22:21:56+00:00","twitter_card":"summary_large_image","twitter_misc":{"Tiempo de lectura":"4 minutos"},"schema":{"@context":"https:\/\/schema.org","@graph":[{"@type":"WebPage","@id":"https:\/\/inscription-universite-ete.isrp.fr\/es\/avisos-legales\/","url":"https:\/\/inscription-universite-ete.isrp.fr\/es\/avisos-legales\/","name":"Avisos legales - Inscription universit\u00e9 \u00e9t\u00e9","isPartOf":{"@id":"https:\/\/inscription-universite-ete.isrp.fr\/#website"},"datePublished":"2025-02-18T21:03:03+00:00","dateModified":"2025-02-20T22:21:56+00:00","breadcrumb":{"@id":"https:\/\/inscription-universite-ete.isrp.fr\/es\/avisos-legales\/#breadcrumb"},"inLanguage":"es","potentialAction":[{"@type":"ReadAction","target":["https:\/\/inscription-universite-ete.isrp.fr\/es\/avisos-legales\/"]}]},{"@type":"BreadcrumbList","@id":"https:\/\/inscription-universite-ete.isrp.fr\/es\/avisos-legales\/#breadcrumb","itemListElement":[{"@type":"ListItem","position":1,"name":"Accueil","item":"https:\/\/inscription-universite-ete.isrp.fr\/es\/"},{"@type":"ListItem","position":2,"name":"Avisos legales"}]},{"@type":"WebSite","@id":"https:\/\/inscription-universite-ete.isrp.fr\/#website","url":"https:\/\/inscription-universite-ete.isrp.fr\/","name":"Inscription universit\u00e9 \u00e9t\u00e9","description":"","publisher":{"@id":"https:\/\/inscription-universite-ete.isrp.fr\/#organization"},"potentialAction":[{"@type":"SearchAction","target":{"@type":"EntryPoint","urlTemplate":"https:\/\/inscription-universite-ete.isrp.fr\/?s={search_term_string}"},"query-input":{"@type":"PropertyValueSpecification","valueRequired":true,"valueName":"search_term_string"}}],"inLanguage":"es"},{"@type":"Organization","@id":"https:\/\/inscription-universite-ete.isrp.fr\/#organization","name":"ISRP","url":"https:\/\/inscription-universite-ete.isrp.fr\/","logo":{"@type":"ImageObject","inLanguage":"es","@id":"https:\/\/inscription-universite-ete.isrp.fr\/#\/schema\/logo\/image\/","url":"https:\/\/inscription-universite-ete.isrp.fr\/wp-content\/uploads\/2025\/01\/logo-dpc.png","contentUrl":"https:\/\/inscription-universite-ete.isrp.fr\/wp-content\/uploads\/2025\/01\/logo-dpc.png","width":500,"height":248,"caption":"ISRP"},"image":{"@id":"https:\/\/inscription-universite-ete.isrp.fr\/#\/schema\/logo\/image\/"}}]}},"_links":{"self":[{"href":"https:\/\/inscription-universite-ete.isrp.fr\/es\/wp-json\/wp\/v2\/pages\/624","targetHints":{"allow":["GET"]}}],"collection":[{"href":"https:\/\/inscription-universite-ete.isrp.fr\/es\/wp-json\/wp\/v2\/pages"}],"about":[{"href":"https:\/\/inscription-universite-ete.isrp.fr\/es\/wp-json\/wp\/v2\/types\/page"}],"author":[{"embeddable":true,"href":"https:\/\/inscription-universite-ete.isrp.fr\/es\/wp-json\/wp\/v2\/users\/1"}],"replies":[{"embeddable":true,"href":"https:\/\/inscription-universite-ete.isrp.fr\/es\/wp-json\/wp\/v2\/comments?post=624"}],"version-history":[{"count":1,"href":"https:\/\/inscription-universite-ete.isrp.fr\/es\/wp-json\/wp\/v2\/pages\/624\/revisions"}],"predecessor-version":[{"id":630,"href":"https:\/\/inscription-universite-ete.isrp.fr\/es\/wp-json\/wp\/v2\/pages\/624\/revisions\/630"}],"wp:attachment":[{"href":"https:\/\/inscription-universite-ete.isrp.fr\/es\/wp-json\/wp\/v2\/media?parent=624"}],"curies":[{"name":"wp","href":"https:\/\/api.w.org\/{rel}","templated":true}]}}