{"id":608,"date":"2025-02-20T14:52:06","date_gmt":"2025-02-20T13:52:06","guid":{"rendered":"https:\/\/inscription-universite-ete.isrp.fr\/protection-des-donnees-personnelles\/"},"modified":"2025-02-21T16:58:48","modified_gmt":"2025-02-21T15:58:48","slug":"proteccion-datos-personales","status":"publish","type":"page","link":"https:\/\/inscription-universite-ete.isrp.fr\/es\/proteccion-datos-personales\/","title":{"rendered":"Protecci\u00f3n de datos personales"},"content":{"rendered":"\n<ol start=\"1\" class=\"wp-block-list\">\n<li>Identidad y datos de contacto del responsable del tratamiento<\/li>\n<\/ol>\n\n\n\n<p>El sitio <a>https:\/\/inscription-universite-ete.isrp.fr<\/a> (en adelante, el \u00abSitio\u00bb) es administrado por el ISRP, cuya sede social se encuentra en 25 rue Ginoux, 75015 Par\u00eds, registrado en el RCS de Par\u00eds con el n\u00famero 504 458 266.<\/p>\n\n\n\n<p>El ISRP trata, en calidad de responsable del tratamiento, los datos personales que le conciernen y que son recopilados a trav\u00e9s de este Sitio (en adelante, los \u00abDatos\u00bb).<\/p>\n\n\n\n<p>Para cualquier pregunta relacionada con la recopilaci\u00f3n y el tratamiento de sus Datos por parte del ISRP, puede contactar por correo electr\u00f3nico con nuestro delegado de protecci\u00f3n de datos (DPO) en la siguiente direcci\u00f3n: <a>webmaster@isrp.fr<\/a>.<\/p>\n\n\n\n<ol start=\"2\" class=\"wp-block-list\">\n<li>Informaci\u00f3n sobre el tratamiento de sus Datos<\/li>\n<\/ol>\n\n\n\n<p>2.1. Datos recopilados<\/p>\n\n\n\n<p>Los datos personales que recopilamos y tratamos sobre usted a trav\u00e9s de nuestro sitio web son:<\/p>\n\n\n\n<ul class=\"wp-block-list\">\n<li>Informaci\u00f3n relativa a su dispositivo, como su direcci\u00f3n IP, ID de cookies, las p\u00e1ginas del Sitio consultadas a trav\u00e9s de su dispositivo y la hora en que su dispositivo accedi\u00f3 a nuestro Sitio;<\/li>\n\n\n\n<li>Todos los datos que elija enviarnos o proporcionarnos, por ejemplo, a trav\u00e9s de nuestro formulario de contacto.<\/li>\n<\/ul>\n\n\n\n<p>2.2. Finalidad<\/p>\n\n\n\n<p>Los datos personales que recopilamos y tratamos sobre usted a trav\u00e9s de nuestro sitio web nos permiten:<\/p>\n\n\n\n<ul class=\"wp-block-list\">\n<li>Tratar sus datos para la compra de formaci\u00f3n y servicios online, con el fin de gestionar su pedido, pago y acceso a la Universidad de Verano;<\/li>\n\n\n\n<li>Responder a sus solicitudes de informaci\u00f3n a trav\u00e9s del formulario disponible en nuestro sitio;<\/li>\n\n\n\n<li>Con su consentimiento, enviar, seg\u00fan sus preferencias, comunicaciones por correo electr\u00f3nico y\/o SMS sobre nuestras ofertas y novedades adaptadas a su perfil. Puede retirar su consentimiento en cualquier momento siguiendo las instrucciones para darse de baja proporcionadas en nuestras comunicaciones.<\/li>\n\n\n\n<li>Mejorar nuestro sitio y presentar un contenido eficiente para usted y su ordenador;<\/li>\n\n\n\n<li>Garantizar el correcto funcionamiento y la seguridad del sitio.<\/li>\n<\/ul>\n\n\n\n<p>2.3. Base legal<\/p>\n\n\n\n<p>El tratamiento de sus Datos con el fin de responder a sus solicitudes de informaci\u00f3n se lleva a cabo sobre la base de su consentimiento.<\/p>\n\n\n\n<p>El tratamiento de sus Datos con el fin de enviarle comunicaciones por correo electr\u00f3nico sobre nuestras ofertas y novedades adaptadas a su perfil tambi\u00e9n se basa en su consentimiento.<\/p>\n\n\n\n<p>Puede retirar este consentimiento en cualquier momento (ver secci\u00f3n \u00abSus derechos\u00bb).<\/p>\n\n\n\n<p>El tratamiento realizado con fines de funcionamiento y seguridad del Sitio se basa en nuestro inter\u00e9s leg\u00edtimo en garantizar la seguridad de las plataformas que administramos.<\/p>\n\n\n\n<p>2.4. \u00bfEst\u00e1 obligado a proporcionar sus Datos?<\/p>\n\n\n\n<p>Los Datos indispensables para que el ISRP alcance los objetivos descritos anteriormente est\u00e1n marcados con un asterisco en los formularios. Si no completa estos campos obligatorios, no podremos proporcionarle los servicios solicitados.<\/p>\n\n\n\n<p>Los Datos no marcados con un asterisco son opcionales: nos permiten conocerle mejor y mejorar los servicios que le ofrecemos.<\/p>\n\n\n\n<p>2.5. Per\u00edodos de conservaci\u00f3n<\/p>\n\n\n\n<p>Conservamos sus Datos:<\/p>\n\n\n\n<ul class=\"wp-block-list\">\n<li>Durante 3 a\u00f1os a partir del \u00faltimo contacto que tuvimos con usted (por ejemplo, una solicitud de informaci\u00f3n por su parte o el env\u00edo de comunicaciones) si no es cliente;<\/li>\n\n\n\n<li>De acuerdo con las condiciones del contrato si es cliente, y como m\u00ednimo durante 3 a\u00f1os a partir del final de nuestra relaci\u00f3n comercial.<\/li>\n<\/ul>\n\n\n\n<p>Al final de los per\u00edodos de conservaci\u00f3n indicados anteriormente, eliminaremos sus Datos. Antes de que estos per\u00edodos expiren, podemos volver a contactarlo para saber si acepta una conservaci\u00f3n m\u00e1s prolongada de sus Datos, en cuyo caso los plazos indicados anteriormente volver\u00e1n a contarse desde el principio.<\/p>\n\n\n\n<ol start=\"3\" class=\"wp-block-list\">\n<li>Destinatarios de los Datos<\/li>\n<\/ol>\n\n\n\n<p>En el marco de la prestaci\u00f3n de nuestros servicios, podemos transmitir o dar acceso a sus Datos a nuestros servicios y subcontratistas, entre ellos:<\/p>\n\n\n\n<ul class=\"wp-block-list\">\n<li>El servicio encargado de la comunicaci\u00f3n y el marketing del ISRP, para la gesti\u00f3n del Sitio;<\/li>\n\n\n\n<li>Nuestro subcontratista responsable de la gesti\u00f3n del Sitio y del an\u00e1lisis de la audiencia del Sitio;<\/li>\n\n\n\n<li>Nuestro subcontratista encargado del mantenimiento evolutivo y t\u00e9cnico del Sitio;<\/li>\n\n\n\n<li>Nuestro subcontratista encargado del alojamiento del Sitio.<\/li>\n<\/ul>\n\n\n\n<p>El ISRP podr\u00e1 comunicar sus Datos a terceros en los casos en que dicha comunicaci\u00f3n est\u00e9 autorizada y requerida por la ley o una decisi\u00f3n judicial, o si dicha comunicaci\u00f3n es necesaria para garantizar la protecci\u00f3n y defensa de sus derechos.<\/p>\n\n\n\n<p>Fuera de estos casos, sus Datos no ser\u00e1n cedidos ni puestos a disposici\u00f3n de terceros sin su previo consentimiento.<\/p>\n\n\n\n<p>Cuando el ISRP realice una transferencia de sus Datos a un pa\u00eds fuera de la Uni\u00f3n Europea, en particular a un Estado para el cual no existe una decisi\u00f3n de adecuaci\u00f3n por parte de la Comisi\u00f3n Europea, dicha transferencia se realizar\u00e1 con garant\u00edas adecuadas, principalmente contractuales, de conformidad con la normativa aplicable en materia de protecci\u00f3n de datos personales.<\/p>\n\n\n\n<p>Puede obtener una copia de las garant\u00edas adecuadas escribiendo a la siguiente direcci\u00f3n: <a>webmaster@isrp.fr<\/a>.<\/p>\n\n\n\n<p>Sus derechos<\/p>\n\n\n\n<p>Usted tiene derecho a acceder a los Datos que le conciernen, as\u00ed como el derecho a solicitar su rectificaci\u00f3n, supresi\u00f3n o portabilidad. Tambi\u00e9n puede solicitar la limitaci\u00f3n del tratamiento de sus Datos, retirar su consentimiento y definir directrices sobre el destino de sus Datos despu\u00e9s de su fallecimiento.<\/p>\n\n\n\n<p>Asimismo, tiene la posibilidad de oponerse en cualquier momento a:<\/p>\n\n\n\n<ul class=\"wp-block-list\">\n<li>Los tratamientos con fines de prospecci\u00f3n llevados a cabo por el ISRP;<\/li>\n\n\n\n<li>Por razones relacionadas con su situaci\u00f3n particular, a los tratamientos basados en el inter\u00e9s leg\u00edtimo del ISRP.<\/li>\n<\/ul>\n\n\n\n<p>Estos derechos pueden ejercerse en cualquier momento enviando un correo electr\u00f3nico a: <a>webmaster@isrp.fr<\/a>.<\/p>\n\n\n\n<p>Adem\u00e1s, tiene derecho a presentar una reclamaci\u00f3n ante una autoridad de control: La autoridad de control en Francia es la Comisi\u00f3n Nacional de Inform\u00e1tica y Libertades (CNIL), 3 Place de Fontenoy \u2013 TSA 80715 \u2013 75334 PARIS CEDEX 07.<\/p>\n\n\n\n<p>Cookies<\/p>\n\n\n\n<p>La navegaci\u00f3n en el presente Sitio da lugar a la instalaci\u00f3n de cookies. Las cookies son peque\u00f1os archivos de texto almacenados en su terminal, que agrupan una serie de Datos sobre su navegaci\u00f3n (por ejemplo, fecha, hora y n\u00famero de visitas, fuente de llegada, preferencias).<\/p>\n\n\n\n<p>Cookies internas y cookies de terceros: Una cookie de terceros se coloca en su terminal por un servidor de un dominio distinto al del Sitio. Estos terceros instalan cookies cuando est\u00e1 conectado a sus p\u00e1ginas o cuando visita nuestro Sitio. Estas cookies permiten rastrear el comportamiento en una red de sitios, analizando el historial de visitas con fines de segmentaci\u00f3n.<\/p>\n\n\n\n<p>El ISRP no tiene acceso a estas cookies, a diferencia de las cookies internas que son gestionadas directamente por nuestro Sitio.<\/p>\n\n\n\n<p>Cookies permanentes y cookies de sesi\u00f3n: Las cookies permanentes se almacenan en su terminal hasta su fecha de expiraci\u00f3n o hasta que usted las elimine. Las cookies de sesi\u00f3n se eliminan autom\u00e1ticamente cuando cierra su navegador.<\/p>\n\n\n\n<p>La instalaci\u00f3n de cookies en su terminal requiere la obtenci\u00f3n de su consentimiento, o se basa en nuestro inter\u00e9s leg\u00edtimo cuando se trata de cookies estrictamente necesarias. As\u00ed, desde su llegada a nuestro Sitio, un banner de informaci\u00f3n le indica que utilizamos esta tecnolog\u00eda y que, al continuar su navegaci\u00f3n, acepta la instalaci\u00f3n de cookies en su terminal. No obstante, puede configurarlas en cualquier momento haciendo clic en el siguiente enlace: Configurar cookies.<\/p>\n\n\n\n<p>La eliminaci\u00f3n de cookies funcionales, que son necesarias para la provisi\u00f3n de contenidos por parte del ISRP, puede impedirle acceder a ciertos contenidos del Sitio.<\/p>\n\n\n\n<p>El ISRP declina toda responsabilidad con respecto a las consecuencias relacionadas con el funcionamiento degradado de su Sitio derivado de la imposibilidad de registrar o consultar las cookies necesarias para el funcionamiento del Sitio, y cuya instalaci\u00f3n usted haya rechazado o solicitado su eliminaci\u00f3n.<\/p>\n\n\n\n<p>\u00bfPara qu\u00e9 se utilizan las cookies?<\/p>\n\n\n\n<p>Cookies de funcionamiento: Estas cookies nos permiten registrar sus elecciones y, de este modo, ofrecerle un contenido y funcionalidades m\u00e1s adecuados a su comportamiento y personalizados.<\/p>\n\n\n\n<p>El uso de estas cookies se basa en su consentimiento; si las rechaza, no podr\u00e1 beneficiarse de elecciones personalizadas y adaptadas a su comportamiento.<\/p>\n\n\n\n<p>Asimismo, si activa estas cookies, le proporcionaremos acceso a nuestros formularios y a nuestra herramienta de chatbot para que pueda realizar solicitudes ante nosotros. Si desactiva estas cookies, no podr\u00e1 acceder a los formularios ni a la herramienta de chatbot.<\/p>\n\n\n\n<p>Las cookies funcionales utilizadas son: Tipo de cookie Duraci\u00f3n de conservaci\u00f3n de la cookie wp-wpml_current_language Gesti\u00f3n de idiomas<\/p>\n\n\n\n<p>Sus elecciones ser\u00e1n conservadas durante 6 meses.<\/p>\n\n\n\n<p>Los datos de car\u00e1cter personal relativos a las cookies instaladas durante este per\u00edodo ser\u00e1n conservados durante dos a\u00f1os, con excepci\u00f3n de los datos provenientes de cookies de redes sociales, que ser\u00e1n conservados por un a\u00f1o por el ISRP.<\/p>\n","protected":false},"excerpt":{"rendered":"<p>El sitio https:\/\/inscription-universite-ete.isrp.fr (en adelante, el \u00abSitio\u00bb) es administrado por el ISRP, cuya sede social se encuentra en 25 rue Ginoux, 75015 Par\u00eds, registrado en el RCS de Par\u00eds con el n\u00famero 504 458 266. El ISRP trata, en calidad de responsable del tratamiento, los datos personales que le conciernen y que son recopilados a &#8230; <a title=\"Protecci\u00f3n de datos personales\" class=\"read-more\" href=\"https:\/\/inscription-universite-ete.isrp.fr\/es\/proteccion-datos-personales\/\" aria-label=\"Leer m\u00e1s sobre Protecci\u00f3n de datos personales\">Leer m\u00e1s<\/a><\/p>\n","protected":false},"author":1,"featured_media":0,"parent":0,"menu_order":0,"comment_status":"closed","ping_status":"closed","template":"","meta":{"_acf_changed":false,"footnotes":""},"class_list":["post-608","page","type-page","status-publish"],"acf":[],"yoast_head":"<!-- This site is optimized with the Yoast SEO plugin v26.1.1 - https:\/\/yoast.com\/wordpress\/plugins\/seo\/ -->\n<title>Protecci\u00f3n de datos personales - Inscription universit\u00e9 \u00e9t\u00e9<\/title>\n<meta name=\"robots\" content=\"noindex, follow, max-snippet:-1, max-image-preview:large, max-video-preview:-1\" \/>\n<meta property=\"og:locale\" content=\"es_ES\" \/>\n<meta property=\"og:type\" content=\"article\" \/>\n<meta property=\"og:title\" content=\"Protecci\u00f3n de datos personales - Inscription universit\u00e9 \u00e9t\u00e9\" \/>\n<meta property=\"og:description\" content=\"El sitio https:\/\/inscription-universite-ete.isrp.fr (en adelante, el \u00abSitio\u00bb) es administrado por el ISRP, cuya sede social se encuentra en 25 rue Ginoux, 75015 Par\u00eds, registrado en el RCS de Par\u00eds con el n\u00famero 504 458 266. El ISRP trata, en calidad de responsable del tratamiento, los datos personales que le conciernen y que son recopilados a ... Leer m\u00e1s\" \/>\n<meta property=\"og:url\" content=\"https:\/\/inscription-universite-ete.isrp.fr\/es\/proteccion-datos-personales\/\" \/>\n<meta property=\"og:site_name\" content=\"Inscription universit\u00e9 \u00e9t\u00e9\" \/>\n<meta property=\"article:modified_time\" content=\"2025-02-21T15:58:48+00:00\" \/>\n<meta name=\"twitter:card\" content=\"summary_large_image\" \/>\n<meta name=\"twitter:label1\" content=\"Tiempo de lectura\" \/>\n\t<meta name=\"twitter:data1\" content=\"8 minutos\" \/>\n<script type=\"application\/ld+json\" class=\"yoast-schema-graph\">{\"@context\":\"https:\/\/schema.org\",\"@graph\":[{\"@type\":\"WebPage\",\"@id\":\"https:\/\/inscription-universite-ete.isrp.fr\/es\/proteccion-datos-personales\/\",\"url\":\"https:\/\/inscription-universite-ete.isrp.fr\/es\/proteccion-datos-personales\/\",\"name\":\"Protecci\u00f3n de datos personales - Inscription universit\u00e9 \u00e9t\u00e9\",\"isPartOf\":{\"@id\":\"https:\/\/inscription-universite-ete.isrp.fr\/#website\"},\"datePublished\":\"2025-02-20T13:52:06+00:00\",\"dateModified\":\"2025-02-21T15:58:48+00:00\",\"breadcrumb\":{\"@id\":\"https:\/\/inscription-universite-ete.isrp.fr\/es\/proteccion-datos-personales\/#breadcrumb\"},\"inLanguage\":\"es\",\"potentialAction\":[{\"@type\":\"ReadAction\",\"target\":[\"https:\/\/inscription-universite-ete.isrp.fr\/es\/proteccion-datos-personales\/\"]}]},{\"@type\":\"BreadcrumbList\",\"@id\":\"https:\/\/inscription-universite-ete.isrp.fr\/es\/proteccion-datos-personales\/#breadcrumb\",\"itemListElement\":[{\"@type\":\"ListItem\",\"position\":1,\"name\":\"Accueil\",\"item\":\"https:\/\/inscription-universite-ete.isrp.fr\/es\/\"},{\"@type\":\"ListItem\",\"position\":2,\"name\":\"Protecci\u00f3n de datos personales\"}]},{\"@type\":\"WebSite\",\"@id\":\"https:\/\/inscription-universite-ete.isrp.fr\/#website\",\"url\":\"https:\/\/inscription-universite-ete.isrp.fr\/\",\"name\":\"Inscription universit\u00e9 \u00e9t\u00e9\",\"description\":\"\",\"publisher\":{\"@id\":\"https:\/\/inscription-universite-ete.isrp.fr\/#organization\"},\"potentialAction\":[{\"@type\":\"SearchAction\",\"target\":{\"@type\":\"EntryPoint\",\"urlTemplate\":\"https:\/\/inscription-universite-ete.isrp.fr\/?s={search_term_string}\"},\"query-input\":{\"@type\":\"PropertyValueSpecification\",\"valueRequired\":true,\"valueName\":\"search_term_string\"}}],\"inLanguage\":\"es\"},{\"@type\":\"Organization\",\"@id\":\"https:\/\/inscription-universite-ete.isrp.fr\/#organization\",\"name\":\"ISRP\",\"url\":\"https:\/\/inscription-universite-ete.isrp.fr\/\",\"logo\":{\"@type\":\"ImageObject\",\"inLanguage\":\"es\",\"@id\":\"https:\/\/inscription-universite-ete.isrp.fr\/#\/schema\/logo\/image\/\",\"url\":\"https:\/\/inscription-universite-ete.isrp.fr\/wp-content\/uploads\/2025\/01\/logo-dpc.png\",\"contentUrl\":\"https:\/\/inscription-universite-ete.isrp.fr\/wp-content\/uploads\/2025\/01\/logo-dpc.png\",\"width\":500,\"height\":248,\"caption\":\"ISRP\"},\"image\":{\"@id\":\"https:\/\/inscription-universite-ete.isrp.fr\/#\/schema\/logo\/image\/\"}}]}<\/script>\n<!-- \/ Yoast SEO plugin. -->","yoast_head_json":{"title":"Protecci\u00f3n de datos personales - Inscription universit\u00e9 \u00e9t\u00e9","robots":{"index":"noindex","follow":"follow","max-snippet":"max-snippet:-1","max-image-preview":"max-image-preview:large","max-video-preview":"max-video-preview:-1"},"og_locale":"es_ES","og_type":"article","og_title":"Protecci\u00f3n de datos personales - Inscription universit\u00e9 \u00e9t\u00e9","og_description":"El sitio https:\/\/inscription-universite-ete.isrp.fr (en adelante, el \u00abSitio\u00bb) es administrado por el ISRP, cuya sede social se encuentra en 25 rue Ginoux, 75015 Par\u00eds, registrado en el RCS de Par\u00eds con el n\u00famero 504 458 266. El ISRP trata, en calidad de responsable del tratamiento, los datos personales que le conciernen y que son recopilados a ... Leer m\u00e1s","og_url":"https:\/\/inscription-universite-ete.isrp.fr\/es\/proteccion-datos-personales\/","og_site_name":"Inscription universit\u00e9 \u00e9t\u00e9","article_modified_time":"2025-02-21T15:58:48+00:00","twitter_card":"summary_large_image","twitter_misc":{"Tiempo de lectura":"8 minutos"},"schema":{"@context":"https:\/\/schema.org","@graph":[{"@type":"WebPage","@id":"https:\/\/inscription-universite-ete.isrp.fr\/es\/proteccion-datos-personales\/","url":"https:\/\/inscription-universite-ete.isrp.fr\/es\/proteccion-datos-personales\/","name":"Protecci\u00f3n de datos personales - Inscription universit\u00e9 \u00e9t\u00e9","isPartOf":{"@id":"https:\/\/inscription-universite-ete.isrp.fr\/#website"},"datePublished":"2025-02-20T13:52:06+00:00","dateModified":"2025-02-21T15:58:48+00:00","breadcrumb":{"@id":"https:\/\/inscription-universite-ete.isrp.fr\/es\/proteccion-datos-personales\/#breadcrumb"},"inLanguage":"es","potentialAction":[{"@type":"ReadAction","target":["https:\/\/inscription-universite-ete.isrp.fr\/es\/proteccion-datos-personales\/"]}]},{"@type":"BreadcrumbList","@id":"https:\/\/inscription-universite-ete.isrp.fr\/es\/proteccion-datos-personales\/#breadcrumb","itemListElement":[{"@type":"ListItem","position":1,"name":"Accueil","item":"https:\/\/inscription-universite-ete.isrp.fr\/es\/"},{"@type":"ListItem","position":2,"name":"Protecci\u00f3n de datos personales"}]},{"@type":"WebSite","@id":"https:\/\/inscription-universite-ete.isrp.fr\/#website","url":"https:\/\/inscription-universite-ete.isrp.fr\/","name":"Inscription universit\u00e9 \u00e9t\u00e9","description":"","publisher":{"@id":"https:\/\/inscription-universite-ete.isrp.fr\/#organization"},"potentialAction":[{"@type":"SearchAction","target":{"@type":"EntryPoint","urlTemplate":"https:\/\/inscription-universite-ete.isrp.fr\/?s={search_term_string}"},"query-input":{"@type":"PropertyValueSpecification","valueRequired":true,"valueName":"search_term_string"}}],"inLanguage":"es"},{"@type":"Organization","@id":"https:\/\/inscription-universite-ete.isrp.fr\/#organization","name":"ISRP","url":"https:\/\/inscription-universite-ete.isrp.fr\/","logo":{"@type":"ImageObject","inLanguage":"es","@id":"https:\/\/inscription-universite-ete.isrp.fr\/#\/schema\/logo\/image\/","url":"https:\/\/inscription-universite-ete.isrp.fr\/wp-content\/uploads\/2025\/01\/logo-dpc.png","contentUrl":"https:\/\/inscription-universite-ete.isrp.fr\/wp-content\/uploads\/2025\/01\/logo-dpc.png","width":500,"height":248,"caption":"ISRP"},"image":{"@id":"https:\/\/inscription-universite-ete.isrp.fr\/#\/schema\/logo\/image\/"}}]}},"_links":{"self":[{"href":"https:\/\/inscription-universite-ete.isrp.fr\/es\/wp-json\/wp\/v2\/pages\/608","targetHints":{"allow":["GET"]}}],"collection":[{"href":"https:\/\/inscription-universite-ete.isrp.fr\/es\/wp-json\/wp\/v2\/pages"}],"about":[{"href":"https:\/\/inscription-universite-ete.isrp.fr\/es\/wp-json\/wp\/v2\/types\/page"}],"author":[{"embeddable":true,"href":"https:\/\/inscription-universite-ete.isrp.fr\/es\/wp-json\/wp\/v2\/users\/1"}],"replies":[{"embeddable":true,"href":"https:\/\/inscription-universite-ete.isrp.fr\/es\/wp-json\/wp\/v2\/comments?post=608"}],"version-history":[{"count":3,"href":"https:\/\/inscription-universite-ete.isrp.fr\/es\/wp-json\/wp\/v2\/pages\/608\/revisions"}],"predecessor-version":[{"id":695,"href":"https:\/\/inscription-universite-ete.isrp.fr\/es\/wp-json\/wp\/v2\/pages\/608\/revisions\/695"}],"wp:attachment":[{"href":"https:\/\/inscription-universite-ete.isrp.fr\/es\/wp-json\/wp\/v2\/media?parent=608"}],"curies":[{"name":"wp","href":"https:\/\/api.w.org\/{rel}","templated":true}]}}